{"id":980,"date":"2023-06-02T17:19:53","date_gmt":"2023-06-02T15:19:53","guid":{"rendered":"https:\/\/shop.fondationthalie.org\/fr\/?post_type=product&#038;p=980"},"modified":"2025-05-11T10:54:25","modified_gmt":"2025-05-11T08:54:25","slug":"createurs-face-a-lurgence-climatique","status":"publish","type":"product","link":"https:\/\/shop.fondationthalie.org\/fr\/piece-art\/createurs-face-a-l-urgence-climatique\/","title":{"rendered":"Cr\u00e9ateurs face \u00e0 l&rsquo;urgence climatique"},"content":{"rendered":"<p><\/p>\n<div class=\"page\" title=\"Page 1\">\n<div class=\"layoutArea\">\n<div class=\"column\">\n<p><b><i>Comment l\u2019artiste collabore-t-iel avec des scientifiques, des architectes, des chercheur<\/i><\/b><b><i>\u00b7se<\/i><\/b><b><i>s et nous raconte de nouvelles fa\u00e7ons d\u2019habiter le monde ?<\/i><\/b><\/p>\n<p>Ce livre rassemble des conversations entre cr\u00e9ateur\u00b7rices et expert\u00b7es engag\u00e9\u00b7es \u00e0 produire autrement au regard des limites plan\u00e9taires. Extraites de l&rsquo;\u00e9mission podcast \u00ab\u00a0Cr\u00e9ateurs face \u00e0 l\u2019urgence climatique\u00a0\u00bb qui invite artistes et scientifiques \u00e0 s\u2019inspirer mutuellement pour cr\u00e9er de nouveaux r\u00e9cits, de nouvelles fa\u00e7ons de produire et r\u00e9pondre ainsi aux enjeux environnementaux du XXI\u00e8me si\u00e8cle, elles rassemblent Fabrice Hyber et Emanuele Coccia\u00a0; Prune Nourry, Nicola Delon et Ramy Fischler\u00a0; Sara Favriau et Francis Hall\u00e9\u00a0; Antoine Fenoglio et Lois Giraud\u00a0; Marl\u00e8ne Huissoud et Tarik Chekchak\u00a0; Tiphaine Calmette et Emmanuel Hache\u00a0; Natsuko Uchino et Marc-andr\u00e9 Selosse\u00a0; Nicolas Floc\u2019h et Sylvain Agostini\u00a0; Claudia Comte et Tom Battin\u00a0; Lucy + Jorge Orta et C\u00e9line Cousteau\u00a0; Cyril Dion et Nicolas Vereecken\u00a0; accompagn\u00e9es d\u2019une postface de Paul Ardenne.<\/p>\n<\/div>\n<\/div>\n<\/div>\n<p>&nbsp;<\/p>\n<p>Retrouvez \u00e9galement ce livre dans diff\u00e9rents points de vente en France et Belgique.<\/p>\n<p><strong>Bruxelles<\/strong> :<\/p>\n<ul>\n<li>Fondation Thalie, 15 rue Buchholtz, 1050 Ixelles<\/li>\n<li>Librairie Tropismes, 11 Galerie des Princes, 1000 Bruxelles<\/li>\n<li>CIVA, 55 rue de l&rsquo;Ermitage, 1050 Ixelles<\/li>\n<\/ul>\n<p><b>Paris <\/b>:<\/p>\n<ul>\n<li>Librairie du Palais de Tokyo, 13 Avenue du Pr\u00e9sident Wilson, 75116 Paris<\/li>\n<li>Librairie Wallonie-Bruxelles, 46 rue du Quincampoix, 75004 Paris<\/li>\n<\/ul>\n<p><strong>Arles<\/strong>\u00a0<strong>&amp; Marseille<\/strong> :<\/p>\n<ul>\n<li>Boutique de la Fondation Van Gogh, 35ter rue du docteur Fanton, 13200 Arles<\/li>\n<li>Librairie Acte Sud, Chapelle du M\u00e9jan, place Nina Berberova, 13200 Arles<\/li>\n<li>Librairie Offprint LUMA, <span class=\"LrzXr\">14 Rue du Dr Fanton, 13200 Arles<\/span><\/li>\n<li>L&rsquo;Archa des Carmes, <span class=\"LrzXr\">23 Rue des Carmes, 13200 Arles\u00a0<\/span><\/li>\n<li>Librairie Les Grandes Largeurs, <span class=\"LrzXr\">11 Rue Reattu, 13200 Arles<\/span><\/li>\n<li>Librairie la Salle des Machines, Friche la Belle de Mai, 41 Rue Jobin, 13003 Marseille<\/li>\n<\/ul>\n<p><\/p>","protected":false},"excerpt":{"rendered":"<p>Sous la direction de Nathalie Guiot &#8211; Postface de Paul Ardenne<br \/>\n\u00c9dition Fondation Thalie , 2023<br \/>\n124 pages<br \/>\nFormat 156 x 210 mm<\/p>\n","protected":false},"featured_media":995,"comment_status":"open","ping_status":"closed","template":"","meta":[],"product_cat":[24],"product_tag":[],"class_list":["post-980","product","type-product","status-publish","has-post-thumbnail","hentry","product_cat-editions-fondation-thalie"],"_links":{"self":[{"href":"https:\/\/shop.fondationthalie.org\/fr\/wp-json\/wp\/v2\/product\/980","targetHints":{"allow":["GET"]}}],"collection":[{"href":"https:\/\/shop.fondationthalie.org\/fr\/wp-json\/wp\/v2\/product"}],"about":[{"href":"https:\/\/shop.fondationthalie.org\/fr\/wp-json\/wp\/v2\/types\/product"}],"replies":[{"embeddable":true,"href":"https:\/\/shop.fondationthalie.org\/fr\/wp-json\/wp\/v2\/comments?post=980"}],"wp:featuredmedia":[{"embeddable":true,"href":"https:\/\/shop.fondationthalie.org\/fr\/wp-json\/wp\/v2\/media\/995"}],"wp:attachment":[{"href":"https:\/\/shop.fondationthalie.org\/fr\/wp-json\/wp\/v2\/media?parent=980"}],"wp:term":[{"taxonomy":"product_cat","embeddable":true,"href":"https:\/\/shop.fondationthalie.org\/fr\/wp-json\/wp\/v2\/product_cat?post=980"},{"taxonomy":"product_tag","embeddable":true,"href":"https:\/\/shop.fondationthalie.org\/fr\/wp-json\/wp\/v2\/product_tag?post=980"}],"curies":[{"name":"wp","href":"https:\/\/api.w.org\/{rel}","templated":true}]}}