{"id":779,"date":"2022-05-21T16:53:11","date_gmt":"2022-05-21T14:53:11","guid":{"rendered":"https:\/\/shop.fondationthalie.org\/fr\/?post_type=product&#038;p=779"},"modified":"2024-06-17T13:22:51","modified_gmt":"2024-06-17T11:22:51","slug":"kiki-smith-inner-bodies-livret-dexposition","status":"publish","type":"product","link":"https:\/\/shop.fondationthalie.org\/fr\/piece-art\/kiki-smith-inner-bodies-livret-dexposition\/","title":{"rendered":"Kiki Smith, Inner Bodies \u2014 Livret d&rsquo;exposition"},"content":{"rendered":"<p>Cette publication initie la collection de livrets d&rsquo;exposition de la Fondation Thalie. Elle est propos\u00e9e \u00e0 l&rsquo;occasion de l&rsquo;exposition personnelle de <strong>Kiki Smith<\/strong>, <em><strong>Inner Bodies<\/strong><\/em>, du 13 janvier au 18 juin 2022.<\/p>\n<div class=\"page\" title=\"Page 1\">\n<div class=\"layoutArea\">\n<div class=\"column\">\n<p><em>Inner Bodies<\/em> r\u00e9unit un corpus d\u2019une trentaine d\u2019\u0153uvres, sculptures, tapisseries et c\u00e9ramiques des ann\u00e9es 2000, qui sont, pour la plupart, pr\u00e9sent\u00e9es pour la premi\u00e8re fois \u00e0 Bruxelles.\u00a0On y retrouve l\u2019app\u00e9tence de l\u2019artiste \u00e0 repr\u00e9senter la mat\u00e9rialit\u00e9 des corps mais aussi la cosmogonie au travers des cultures. Son \u0153uvre incarne un panth\u00e9on du f\u00e9minin dans des for\u00eats habit\u00e9es d\u2019un bestiaire cosmique.<\/p>\n<\/div>\n<\/div>\n<\/div>\n<p><\/p>","protected":false},"excerpt":{"rendered":"<p>Editeur : Fondation Thalie<br \/>\nTextes : Kiki Smith, Nathalie Guiot<br \/>\nImages : Michel Figuet<\/p>\n<div class=\"page\" title=\"Page 1\">\n<div class=\"layoutArea\">\n<div class=\"column\">\n<p>Tirage limit\u00e9 \u00e0 500 exemplaires<br \/>\nFormat : 21 x 15 cm, 40 pages<br \/>\nD\u00e9p\u00f4t l\u00e9gal :\u00a0April 2022<br \/>\nIsbn: 978-2-9601678-7-0<\/p>\n<p>Copyright \u00a9 Fondation Thalie, 2022<\/p>\n<\/div>\n<\/div>\n<\/div>\n","protected":false},"featured_media":797,"comment_status":"open","ping_status":"closed","template":"","meta":[],"product_cat":[24],"product_tag":[],"class_list":["post-779","product","type-product","status-publish","has-post-thumbnail","hentry","product_cat-editions-fondation-thalie","product_shipping_class-normale"],"_links":{"self":[{"href":"https:\/\/shop.fondationthalie.org\/fr\/wp-json\/wp\/v2\/product\/779","targetHints":{"allow":["GET"]}}],"collection":[{"href":"https:\/\/shop.fondationthalie.org\/fr\/wp-json\/wp\/v2\/product"}],"about":[{"href":"https:\/\/shop.fondationthalie.org\/fr\/wp-json\/wp\/v2\/types\/product"}],"replies":[{"embeddable":true,"href":"https:\/\/shop.fondationthalie.org\/fr\/wp-json\/wp\/v2\/comments?post=779"}],"wp:featuredmedia":[{"embeddable":true,"href":"https:\/\/shop.fondationthalie.org\/fr\/wp-json\/wp\/v2\/media\/797"}],"wp:attachment":[{"href":"https:\/\/shop.fondationthalie.org\/fr\/wp-json\/wp\/v2\/media?parent=779"}],"wp:term":[{"taxonomy":"product_cat","embeddable":true,"href":"https:\/\/shop.fondationthalie.org\/fr\/wp-json\/wp\/v2\/product_cat?post=779"},{"taxonomy":"product_tag","embeddable":true,"href":"https:\/\/shop.fondationthalie.org\/fr\/wp-json\/wp\/v2\/product_tag?post=779"}],"curies":[{"name":"wp","href":"https:\/\/api.w.org\/{rel}","templated":true}]}}