{"id":759,"date":"2022-02-12T13:27:16","date_gmt":"2022-02-12T12:27:16","guid":{"rendered":"https:\/\/shop.fondationthalie.org\/fr\/?post_type=product&#038;p=759"},"modified":"2022-12-07T14:38:23","modified_gmt":"2022-12-07T13:38:23","slug":"vase-tulumba-taille-medium-couleur-vert","status":"publish","type":"product","link":"https:\/\/shop.fondationthalie.org\/fr\/piece-art\/vase-tulumba-taille-medium-couleur-vert\/","title":{"rendered":"Vase Tulumba taille m\u00e9dium, couleur vert"},"content":{"rendered":"<p>Fond\u00e9 en 2018 \u00e0 Bruxelles par la c\u00e9ramiste Charlotte Gigan et le designer Martin Duch\u00eane, le Studio BISKT se situe \u00e0 la crois\u00e9e de l\u2019art et du design. Le duo se consacre \u00e0 la rencontre des proc\u00e9d\u00e9s m\u00e9caniques et manuels, offrant une production \u00e0 la fois industrielle et artisanale, hybride et contrast\u00e9e. Charlotte puise son inspiration dans l\u2019urbanisme, tandis que Martin se fascine pour les processus de fabrication. Sous le regard des deux cr\u00e9ateurs, l\u2019objet devient un sujet \u00e0 part enti\u00e8re, loin d\u2019une lecture strictement fonctionnelle. Les nombreuses exp\u00e9rimentions qu\u2019ils m\u00e8nent en atelier s\u2019inscrivent dans cette approche libre et curieuse de la terre.<\/p>\n<p>Laur\u00e9at du Prix Jeunes Artistes de la F\u00e9d\u00e9ration Wallonie-Bruxelles en 2020, le Studio<br \/>\nBISKT expose son travail chez B-collective, dans le cadre de Design September (2020),<br \/>\nau Centre d\u2019innovation et de design au Grand-Hornu (2021) et \u00e0 Contemporary Design<br \/>\nMarket, \u00e0 Bruxelles (2021).<\/p>","protected":false},"excerpt":{"rendered":"<p class=\"qtranxs-available-languages-message qtranxs-available-languages-message-fr\">D\u00e9sol\u00e9, cet article est seulement disponible en <a href=\"https:\/\/shop.fondationthalie.org\/en\/wp-json\/wp\/v2\/product\/759\" class=\"qtranxs-available-language-link qtranxs-available-language-link-en\" title=\"English\">English<\/a>.<\/p>\n","protected":false},"featured_media":760,"comment_status":"open","ping_status":"closed","template":"","meta":[],"product_cat":[22],"product_tag":[],"class_list":["post-759","product","type-product","status-publish","has-post-thumbnail","hentry","product_cat-ceramique"],"_links":{"self":[{"href":"https:\/\/shop.fondationthalie.org\/fr\/wp-json\/wp\/v2\/product\/759","targetHints":{"allow":["GET"]}}],"collection":[{"href":"https:\/\/shop.fondationthalie.org\/fr\/wp-json\/wp\/v2\/product"}],"about":[{"href":"https:\/\/shop.fondationthalie.org\/fr\/wp-json\/wp\/v2\/types\/product"}],"replies":[{"embeddable":true,"href":"https:\/\/shop.fondationthalie.org\/fr\/wp-json\/wp\/v2\/comments?post=759"}],"wp:featuredmedia":[{"embeddable":true,"href":"https:\/\/shop.fondationthalie.org\/fr\/wp-json\/wp\/v2\/media\/760"}],"wp:attachment":[{"href":"https:\/\/shop.fondationthalie.org\/fr\/wp-json\/wp\/v2\/media?parent=759"}],"wp:term":[{"taxonomy":"product_cat","embeddable":true,"href":"https:\/\/shop.fondationthalie.org\/fr\/wp-json\/wp\/v2\/product_cat?post=759"},{"taxonomy":"product_tag","embeddable":true,"href":"https:\/\/shop.fondationthalie.org\/fr\/wp-json\/wp\/v2\/product_tag?post=759"}],"curies":[{"name":"wp","href":"https:\/\/api.w.org\/{rel}","templated":true}]}}