{"id":694,"date":"2021-11-16T15:54:25","date_gmt":"2021-11-16T14:54:25","guid":{"rendered":"https:\/\/shop.fondationthalie.org\/fr\/?post_type=product&#038;p=694"},"modified":"2026-03-24T15:39:54","modified_gmt":"2026-03-24T14:39:54","slug":"les-monts-analogues-de-rene-daumal","status":"publish","type":"product","link":"https:\/\/shop.fondationthalie.org\/fr\/piece-art\/les-monts-analogues-de-rene-daumal\/","title":{"rendered":"Les Monts Analogues de Ren\u00e9 Daumal"},"content":{"rendered":"<p>Cette publication est la premi\u00e8re r\u00e9\u00e9dition augment\u00e9e et illustr\u00e9e du Mont Analogue, roman culte de <strong>Ren\u00e9 Daumal<\/strong> o\u00f9 une montagne masqu\u00e9e sert de passage entre notre monde et le ciel, entre le r\u00e9el et l\u2019imaginaire.<\/p>\n<p>Publi\u00e9 sous la direction de Boris Bergmann, aux \u00e9ditions Gallimard, et avec le soutien de la Fondation Thalie et de la Fondation Luma, <em>les Monts Analogues de Ren\u00e9 Daumal<\/em> conte la post\u00e9rit\u00e9 plurielle d\u2019un livre unique. Ainsi Patti Smith a fait la pr\u00e9face de cette \u00e9dition o\u00f9 l\u2019on trouve des in\u00e9dits de Daumal, des entretiens \u2014 avec le r\u00e9alisateur chilien Alejandro Jodorowsky \u2014 des essais et les \u0153uvres des artistes \u2014\u00a0de tous les \u00e2ges, de tous les pays et de tous les arts \u2014 que le texte de Daumal a inspir\u00e9s.<\/p>\n<p>SOLD OUT<\/p>","protected":false},"excerpt":{"rendered":"<p>Sous la direction de Boris Bergmann \u2014 Pr\u00e9face de Patti Smith<\/p>\n<p>\u00c9ditions Gallimard, 2021<\/p>\n<p>230 pages<\/p>\n<div class=\"value\">19,6 cm \u00d7 24,8 cm<\/div>\n","protected":false},"featured_media":695,"comment_status":"open","ping_status":"closed","template":"","meta":[],"product_cat":[24],"product_tag":[39],"class_list":["post-694","product","type-product","status-publish","has-post-thumbnail","hentry","product_cat-editions-fondation-thalie","product_tag-boris-bergmann","product_shipping_class-normale"],"_links":{"self":[{"href":"https:\/\/shop.fondationthalie.org\/fr\/wp-json\/wp\/v2\/product\/694","targetHints":{"allow":["GET"]}}],"collection":[{"href":"https:\/\/shop.fondationthalie.org\/fr\/wp-json\/wp\/v2\/product"}],"about":[{"href":"https:\/\/shop.fondationthalie.org\/fr\/wp-json\/wp\/v2\/types\/product"}],"replies":[{"embeddable":true,"href":"https:\/\/shop.fondationthalie.org\/fr\/wp-json\/wp\/v2\/comments?post=694"}],"wp:featuredmedia":[{"embeddable":true,"href":"https:\/\/shop.fondationthalie.org\/fr\/wp-json\/wp\/v2\/media\/695"}],"wp:attachment":[{"href":"https:\/\/shop.fondationthalie.org\/fr\/wp-json\/wp\/v2\/media?parent=694"}],"wp:term":[{"taxonomy":"product_cat","embeddable":true,"href":"https:\/\/shop.fondationthalie.org\/fr\/wp-json\/wp\/v2\/product_cat?post=694"},{"taxonomy":"product_tag","embeddable":true,"href":"https:\/\/shop.fondationthalie.org\/fr\/wp-json\/wp\/v2\/product_tag?post=694"}],"curies":[{"name":"wp","href":"https:\/\/api.w.org\/{rel}","templated":true}]}}