{"id":415,"date":"2021-07-06T18:19:30","date_gmt":"2021-07-06T16:19:30","guid":{"rendered":"https:\/\/staging.leseditionsthalie.com\/fr\/?post_type=product&#038;p=415"},"modified":"2022-11-02T17:41:38","modified_gmt":"2022-11-02T16:41:38","slug":"morphee","status":"publish","type":"product","link":"https:\/\/shop.fondationthalie.org\/fr\/piece-art\/morphee\/","title":{"rendered":"Morph\u00e9e"},"content":{"rendered":"<p>\u00ab Je pensais que cette plante fleurissait en Orient, sur les contre-forts de l\u2019Himalaya ou en Turquie et quelle ne fut pas ma surprise, de d\u00e9couvrir quelques pieds au d\u00e9tour d\u2019un chemin dans ma campagne Proven\u00e7ale. Cette fleur de pavot rose p\u00e2le aux tons l\u00e9g\u00e8rement violac\u00e9s ne fleurit qu\u2019une semaine \u00e0 peine, pour laisser ensuite la place \u00e0 un bulbe coiff\u00e9 d\u2019une petite couronne. La contempler, c\u2019\u00e9tait pour moi une fa\u00e7on de rencontrer la mythologie. Cette fleur aux couleurs d\u00e9licates m\u2019apparaissait ambivalente, pleine de soleil et de parfum d\u2019\u00e9t\u00e9 mais aussi porteuse de t\u00e9n\u00e8bres, dangereuse et interdite, puisque l\u2019opium est sa s\u00e8ve. Je devais lui rendre hommage. Un \u00e9t\u00e9, j\u2019ai donc r\u00e9colt\u00e9 ces capsules pour les dorer \u00e0 la feuille d\u2019or et r\u00e9aliser ces sculptures miniatures. Ce geste \u00e9tait pour moi une fa\u00e7on de perp\u00e9tuer la grandeur de cette fleur, d\u2019illustrer comment elle f\u00fbt idol\u00e2tr\u00e9e pendant l\u2019antiquit\u00e9, et comment malgr\u00e9 sa gr\u00e2ce et sa fragilit\u00e9, elle reste dot\u00e9e d\u2019un pouvoir effrayant. Des ces sculptures , j\u2019ai r\u00e9alis\u00e9 un pendentif au tirage limit\u00e9 de 50 exemplaires, une \u00e9dition exclusive que je me r\u00e9jouis de vous faire d\u00e9couvrir aujourd\u2019hui\u201d.<\/p>\n<p>Lionel Est\u00e8ve, les mots de l\u2019artiste<\/p>","protected":false},"excerpt":{"rendered":"<p>Pavot en cire perdue, bronze plaqu\u00e9 or, 2018<br \/>\n50 exemplaires, 3 \u00e9preuves d\u2019artiste<\/p>\n<p>\u00c9PUIS\u00c9<\/p>\n","protected":false},"featured_media":393,"comment_status":"open","ping_status":"closed","template":"","meta":[],"product_cat":[24],"product_tag":[25,27,32],"class_list":["post-415","product","type-product","status-publish","has-post-thumbnail","hentry","product_cat-editions-fondation-thalie","product_tag-goodies","product_tag-bijoux","product_tag-lionel-esteve","product_shipping_class-fragile"],"_links":{"self":[{"href":"https:\/\/shop.fondationthalie.org\/fr\/wp-json\/wp\/v2\/product\/415","targetHints":{"allow":["GET"]}}],"collection":[{"href":"https:\/\/shop.fondationthalie.org\/fr\/wp-json\/wp\/v2\/product"}],"about":[{"href":"https:\/\/shop.fondationthalie.org\/fr\/wp-json\/wp\/v2\/types\/product"}],"replies":[{"embeddable":true,"href":"https:\/\/shop.fondationthalie.org\/fr\/wp-json\/wp\/v2\/comments?post=415"}],"wp:featuredmedia":[{"embeddable":true,"href":"https:\/\/shop.fondationthalie.org\/fr\/wp-json\/wp\/v2\/media\/393"}],"wp:attachment":[{"href":"https:\/\/shop.fondationthalie.org\/fr\/wp-json\/wp\/v2\/media?parent=415"}],"wp:term":[{"taxonomy":"product_cat","embeddable":true,"href":"https:\/\/shop.fondationthalie.org\/fr\/wp-json\/wp\/v2\/product_cat?post=415"},{"taxonomy":"product_tag","embeddable":true,"href":"https:\/\/shop.fondationthalie.org\/fr\/wp-json\/wp\/v2\/product_tag?post=415"}],"curies":[{"name":"wp","href":"https:\/\/api.w.org\/{rel}","templated":true}]}}