{"id":414,"date":"2021-07-06T18:12:20","date_gmt":"2021-07-06T16:12:20","guid":{"rendered":"https:\/\/staging.leseditionsthalie.com\/fr\/?post_type=product&#038;p=414"},"modified":"2023-12-01T16:47:38","modified_gmt":"2023-12-01T15:47:38","slug":"private-architecture-oui-oui-non-non","status":"publish","type":"product","link":"https:\/\/shop.fondationthalie.org\/fr\/piece-art\/private-architecture-oui-oui-non-non\/","title":{"rendered":"Private Architecture (oui oui non non)"},"content":{"rendered":"<p>Sculptrice autant que peintre, l\u2019artiste belge <strong>Val\u00e9rie Mannaerts<\/strong> a imagin\u00e9 pour les \u00e9ditions Thalie, <em>Private Architecture<\/em>, une parure inspir\u00e9e du bijou pectoral pr\u00e9colombien dans la d\u00e9coupe \u00e0 la feuille. Un bijou singulier li\u00e9 \u00e0 l\u2019univers plastique de l\u2019artiste : l\u2019ornement et le fantasque. <strong><em>Private Architecture (<\/em>oui oui non non)<\/strong> se d\u00e9ploie comme un \u00e9ventail. Tel un talisman, il r\u00e9v\u00e8le et prot\u00e8ge avec ses amulettes en c\u00e9ramique repr\u00e9sentant de petits fant\u00f4mes ou des cuill\u00e8res comme des good lucks charms. Un bijou joyeux et myst\u00e9rieux !<\/p>","protected":false},"excerpt":{"rendered":"<p>\u00c9dition limit\u00e9e : 10 exemplaires + 2 E.A<\/p>\n<p>Laiton plaqu\u00e9 or.<br \/>\nParure enti\u00e8rement r\u00e9alis\u00e9e \u00e0 la main. Mots grav\u00e9s et pampilles en c\u00e9ramique<\/p>\n","protected":false},"featured_media":398,"comment_status":"open","ping_status":"closed","template":"","meta":[],"product_cat":[24],"product_tag":[25,27,31],"class_list":["post-414","product","type-product","status-publish","has-post-thumbnail","hentry","product_cat-editions-fondation-thalie","product_tag-goodies","product_tag-bijoux","product_tag-valerie-mannaerts","product_shipping_class-fragile"],"_links":{"self":[{"href":"https:\/\/shop.fondationthalie.org\/fr\/wp-json\/wp\/v2\/product\/414","targetHints":{"allow":["GET"]}}],"collection":[{"href":"https:\/\/shop.fondationthalie.org\/fr\/wp-json\/wp\/v2\/product"}],"about":[{"href":"https:\/\/shop.fondationthalie.org\/fr\/wp-json\/wp\/v2\/types\/product"}],"replies":[{"embeddable":true,"href":"https:\/\/shop.fondationthalie.org\/fr\/wp-json\/wp\/v2\/comments?post=414"}],"wp:featuredmedia":[{"embeddable":true,"href":"https:\/\/shop.fondationthalie.org\/fr\/wp-json\/wp\/v2\/media\/398"}],"wp:attachment":[{"href":"https:\/\/shop.fondationthalie.org\/fr\/wp-json\/wp\/v2\/media?parent=414"}],"wp:term":[{"taxonomy":"product_cat","embeddable":true,"href":"https:\/\/shop.fondationthalie.org\/fr\/wp-json\/wp\/v2\/product_cat?post=414"},{"taxonomy":"product_tag","embeddable":true,"href":"https:\/\/shop.fondationthalie.org\/fr\/wp-json\/wp\/v2\/product_tag?post=414"}],"curies":[{"name":"wp","href":"https:\/\/api.w.org\/{rel}","templated":true}]}}