{"id":1136,"date":"2025-09-29T10:00:41","date_gmt":"2025-09-29T08:00:41","guid":{"rendered":"https:\/\/shop.fondationthalie.org\/fr\/?post_type=product&#038;p=1136"},"modified":"2025-10-14T09:42:42","modified_gmt":"2025-10-14T07:42:42","slug":"1136","status":"publish","type":"product","link":"https:\/\/shop.fondationthalie.org\/fr\/piece-art\/1136\/","title":{"rendered":"La Fondation Thalie, une d\u00e9cennie de cr\u00e9ation"},"content":{"rendered":"<p><span lang=\"FR\">Un livre d\u2019art qui retrace l\u2019histoire de la fondation Thalie depuis 2014 \u00e0 travers un programme d&rsquo;expositions, des r\u00e9sidences d\u2019artistes et des \u00e9v\u00e8nements culturels de qualit\u00e9 \u00e0 Bruxelles (lieu historique) et Arles lors d&rsquo;expositions d\u2019\u00e9t\u00e9. Plus de 300 artistes,\u00a0<\/span>performeur\u00b7euses et \u00e9crivain\u00b7es ont \u00e9t\u00e9 invit\u00e9\u00b7es et soutenu\u00b7es depuis les d\u00e9buts.\u00a0<span lang=\"FR\">Une initiative de m\u00e9c\u00e9nat priv\u00e9 port\u00e9 par Nathalie GUIOT, collectionneuse d\u2019art, \u00e9ditrice, commissaire d&rsquo;exposition et m\u00e9c\u00e8ne. Un cahier central rassemble une centaine d\u2019\u0153uvres de la collection et des textes critiques viennent compl\u00e9ter l\u2019ouvrage\u00a0: Yann Chateigne-Tytelman (commissaire d\u2019exposition), Chiara Vecchiarelli\u00a0 (philosophe) et Emmanuel Tibloux (directeur de l\u2019ENSAD), chacun t\u00e9moignant de la diversit\u00e9 des engagements de la fondation.<\/span><\/p>\n<p>&nbsp;<\/p>\n<p class=\"p1\">\u00ab\u00a0La Fondation Thalie est n\u00e9e d\u2019un d\u00e9sir : celui de tisser un lieu de vie, de pens\u00e9e et de cr\u00e9ation, \u00e0 la crois\u00e9e de l\u2019art contemporain, de l\u2019\u00e9criture, du design et de l\u2019\u00e9cologie. En 2014, j\u2019ai r\u00eav\u00e9 ce projet comme une maison ouverte, vibrante, habit\u00e9e par le dialogue entre les disciplines, les imaginaires et les urgences de notre \u00e9poque. C\u2019est \u00e0 Bruxelles, dans une maison moderniste m\u00e9tamorphos\u00e9e en espace culturel, que ce r\u00eave a pris corps. (&#8230;) Avec pour la premi\u00e8re fois, une s\u00e9lection d\u2019\u0153uvres de la collection, ce livre rassemble les \u00e9chos de cette aventure humaine et artistique. Comme une m\u00e9moire vivante, en mouvement, un pr\u00e9lude \u00e0 ce qui reste \u00e0 inventer. \u00a0\u00bb Nathalie Guiot<\/p>\n<p><\/p>","protected":false},"excerpt":{"rendered":"<div class=\"\">\n<div class=\"WordSection1\">\n<div class=\"\"><span class=\"\">Editions Skira, p<\/span><span class=\"\">ubli\u00e9 en novembre 2025<\/span><\/div>\n<div class=\"\"><span class=\"\">Reli\u00e9, 19 \u00d7 26 cm, <\/span><span class=\"\">272 pages, <\/span><span class=\"\">170 images<\/span><\/div>\n<div class=\"\">ISBN :<span class=\"x_Apple-converted-space\">\u00a0<\/span><span class=\"\">978-2-37074-280-3<\/span><\/div>\n<\/div>\n<\/div>\n","protected":false},"featured_media":1147,"comment_status":"closed","ping_status":"closed","template":"","meta":[],"product_cat":[38],"product_tag":[],"class_list":["post-1136","product","type-product","status-publish","has-post-thumbnail","hentry","product_cat-publications"],"_links":{"self":[{"href":"https:\/\/shop.fondationthalie.org\/fr\/wp-json\/wp\/v2\/product\/1136","targetHints":{"allow":["GET"]}}],"collection":[{"href":"https:\/\/shop.fondationthalie.org\/fr\/wp-json\/wp\/v2\/product"}],"about":[{"href":"https:\/\/shop.fondationthalie.org\/fr\/wp-json\/wp\/v2\/types\/product"}],"replies":[{"embeddable":true,"href":"https:\/\/shop.fondationthalie.org\/fr\/wp-json\/wp\/v2\/comments?post=1136"}],"wp:featuredmedia":[{"embeddable":true,"href":"https:\/\/shop.fondationthalie.org\/fr\/wp-json\/wp\/v2\/media\/1147"}],"wp:attachment":[{"href":"https:\/\/shop.fondationthalie.org\/fr\/wp-json\/wp\/v2\/media?parent=1136"}],"wp:term":[{"taxonomy":"product_cat","embeddable":true,"href":"https:\/\/shop.fondationthalie.org\/fr\/wp-json\/wp\/v2\/product_cat?post=1136"},{"taxonomy":"product_tag","embeddable":true,"href":"https:\/\/shop.fondationthalie.org\/fr\/wp-json\/wp\/v2\/product_tag?post=1136"}],"curies":[{"name":"wp","href":"https:\/\/api.w.org\/{rel}","templated":true}]}}