{"id":1112,"date":"2025-04-15T09:47:33","date_gmt":"2025-04-15T07:47:33","guid":{"rendered":"https:\/\/shop.fondationthalie.org\/fr\/?post_type=product&#038;p=1112"},"modified":"2025-09-29T10:24:50","modified_gmt":"2025-09-29T08:24:50","slug":"regenerative-futures","status":"publish","type":"product","link":"https:\/\/shop.fondationthalie.org\/fr\/piece-art\/regenerative-futures\/","title":{"rendered":"REGENERATIVE FUTURES"},"content":{"rendered":"<p><strong>Thalie Foundation is proud to announce the release of \u00a0\u00bbRegenerative Futures\u00a0\u00bb, a compelling new book published on the occasion of the exhibition, held in 2024, at the Fondation Thalie (Brussels), to mark the Foundation\u2019s 10th anniversary.<\/strong><\/p>\n<p>How can artistic practices help reshape the way we live, think and connect &#8211; with nature and with emerging technologies? \u00ab\u00a0Regenerative Futures\u00a0\u00bb explores these questions, highlighting the innovative work of artists and designers who are breaking new ground by collaborating with science, craft and various forms of intelligence &#8211; animal, microbial or artificial. Facing climate crisis, what solutions are these creators proposing? How can we use art and design to make scientific research visible? How can we perpetuate the beauty of knowledge and traditions, and the depth of gestures and techniques, in an age of technological hyperconnectivity?<\/p>\n<p>The catalog retraces this \u201cinitiatory\u201d journey, featuring new commissions, video installations opening up new, forward-looking narratives, and a scenography based on bio-sourced materials and ecological construction techniques, designed by Brussels-based studio Bento Architecture.<\/p>\n<p>Curated by Nathalie Guiot and Yann Chateign\u00e9 Tytelman, the book and exhibition present a vibrant cross-section of disciplines and practices\u2014each one a call to reimagine our future.<\/p>\n<p>Regenerative Futures is both a celebration and a manifesto\u2014an invitation to engage with the ideas and actions shaping the world of tomorrow.<\/p>\n<p><strong>Artists featured in the exhibition and the book:<\/strong><\/p>\n<p>Al\u00e9a (Miriam Josi &amp; Stella Lee Prowse), Helene Appel, Michel Blazy, Cathryn Boch, Paloma Bosqu\u00ea, emmanuel boos, Thierry Boutemy, Claudia Comte, Edith Dekyndt, Latifa Echakhch, Rapha\u00ebl Emine, Ad\u00e9la\u00efde Feriot, Sidival Fila, Marie-Ange Guilleminot, Marlene Huissoud, Tony Jouanneau \/ Atelier Sumbiosis, Jitish Kallat, Ali Kazma, Takehito Koganezawa, Isa Melsheimer, Otobong Nkanga, Junko Oki, Solange Pessoa, Beno\u00eet Plat\u00e9us, Hans Reichel, Tom\u00e1s Saraceno, No\u00e9mie Sauve, Rachel Selekman, Buhlebezwe Siwani, Jenna Sutela, Alina Szapocznikow, Moff at Takadiwa, Philippe Terrier-Hermann, Samuel Tomatis, Natsuko Uchino, Maarten Vanden Eynde.<\/p>\n<p>Ecoscenography by Bento Architecture, Brussels.<\/p>","protected":false},"excerpt":{"rendered":"<p>Thalie Foundation is proud to announce the release of \u00a0\u00bbRegenerative Futures\u00a0\u00bb, a compelling new book published on the occasion of the exhibition, held in 2024, at the Fondation Thalie (Brussels), to mark the Foundation\u2019s 10th anniversary. How can artistic practices help reshape the way we live, think and connect &#8211; with nature and with emerging [&hellip;]<\/p>\n","protected":false},"featured_media":1113,"comment_status":"open","ping_status":"closed","template":"","meta":[],"product_cat":[38],"product_tag":[],"class_list":["post-1112","product","type-product","status-publish","has-post-thumbnail","hentry","product_cat-publications"],"_links":{"self":[{"href":"https:\/\/shop.fondationthalie.org\/fr\/wp-json\/wp\/v2\/product\/1112","targetHints":{"allow":["GET"]}}],"collection":[{"href":"https:\/\/shop.fondationthalie.org\/fr\/wp-json\/wp\/v2\/product"}],"about":[{"href":"https:\/\/shop.fondationthalie.org\/fr\/wp-json\/wp\/v2\/types\/product"}],"replies":[{"embeddable":true,"href":"https:\/\/shop.fondationthalie.org\/fr\/wp-json\/wp\/v2\/comments?post=1112"}],"wp:featuredmedia":[{"embeddable":true,"href":"https:\/\/shop.fondationthalie.org\/fr\/wp-json\/wp\/v2\/media\/1113"}],"wp:attachment":[{"href":"https:\/\/shop.fondationthalie.org\/fr\/wp-json\/wp\/v2\/media?parent=1112"}],"wp:term":[{"taxonomy":"product_cat","embeddable":true,"href":"https:\/\/shop.fondationthalie.org\/fr\/wp-json\/wp\/v2\/product_cat?post=1112"},{"taxonomy":"product_tag","embeddable":true,"href":"https:\/\/shop.fondationthalie.org\/fr\/wp-json\/wp\/v2\/product_tag?post=1112"}],"curies":[{"name":"wp","href":"https:\/\/api.w.org\/{rel}","templated":true}]}}