{"id":1074,"date":"2024-09-11T12:37:16","date_gmt":"2024-09-11T10:37:16","guid":{"rendered":"https:\/\/shop.fondationthalie.org\/fr\/?post_type=product&#038;p=1074"},"modified":"2025-12-16T17:56:56","modified_gmt":"2025-12-16T16:56:56","slug":"eva-jospin-livret-dexposition","status":"publish","type":"product","link":"https:\/\/shop.fondationthalie.org\/fr\/piece-art\/eva-jospin-livret-dexposition\/","title":{"rendered":"Eva Jospin \u2014 Livret d&rsquo;exposition"},"content":{"rendered":"<p>Cette publication fait partie de la collection de livrets d&rsquo;exposition de la Fondation Thalie, cette publication est initi\u00e9e \u00e0 l&rsquo;occasion de l&rsquo;exposition personnelle de <strong>Eva Jospin<\/strong>, <em><strong>Panorama<\/strong><\/em>, du 15 avril au 23 septembre 2023.<\/p>\n<p>L&rsquo;exposition <em><strong>Panorama<\/strong><\/em> propose une d\u00e9ambulation po\u00e9tique \u00e0 travers son \u0153uvre sculptural, une invitation \u00e0 la r\u00eaverie aux accents rousseauistes entre fragments de paysages et \u00e9l\u00e9ments d\u2019architecture fantaisistes. Entre les mains adroites de l\u2019artiste s\u2019unissent en effet les ouvrages de l\u2019homme et de la nature, depuis le <em>Balcon<\/em> dont les ferronneries ouvrag\u00e9es ont rev\u00eatu un habit de lianes finement d\u00e9coup\u00e9es jusqu\u2019\u00e0 la <em>Grotte <\/em>de carton qui convoque conjointement l\u2019imaginaire de la folie architecturale et celui des jardins paysag\u00e9s du XVIII<sup>e <\/sup>si\u00e8cle.<\/p>","protected":false},"excerpt":{"rendered":"<p>\u00c9diteur : Fondation Thalie<br \/>\nTextes : Nathalie Guiot<\/p>\n<div class=\"page\" title=\"Page 1\">\n<div class=\"layoutArea\">\n<div class=\"column\">\n<p>Tirage limit\u00e9 \u00e0 500 exemplaires<br \/>\nFormat : 21 x 15 cm, 40 pages<br \/>\nD\u00e9p\u00f4t l\u00e9gal : Septembre 2024<br \/>\nIsbn: 978-2-9603410-0-3<\/p>\n<p>Copyright \u00a9 Fondation Thalie, 2024<\/p>\n<\/div>\n<\/div>\n<\/div>\n","protected":false},"featured_media":1089,"comment_status":"open","ping_status":"closed","template":"","meta":[],"product_cat":[38],"product_tag":[],"class_list":["post-1074","product","type-product","status-publish","has-post-thumbnail","hentry","product_cat-publications"],"_links":{"self":[{"href":"https:\/\/shop.fondationthalie.org\/fr\/wp-json\/wp\/v2\/product\/1074","targetHints":{"allow":["GET"]}}],"collection":[{"href":"https:\/\/shop.fondationthalie.org\/fr\/wp-json\/wp\/v2\/product"}],"about":[{"href":"https:\/\/shop.fondationthalie.org\/fr\/wp-json\/wp\/v2\/types\/product"}],"replies":[{"embeddable":true,"href":"https:\/\/shop.fondationthalie.org\/fr\/wp-json\/wp\/v2\/comments?post=1074"}],"wp:featuredmedia":[{"embeddable":true,"href":"https:\/\/shop.fondationthalie.org\/fr\/wp-json\/wp\/v2\/media\/1089"}],"wp:attachment":[{"href":"https:\/\/shop.fondationthalie.org\/fr\/wp-json\/wp\/v2\/media?parent=1074"}],"wp:term":[{"taxonomy":"product_cat","embeddable":true,"href":"https:\/\/shop.fondationthalie.org\/fr\/wp-json\/wp\/v2\/product_cat?post=1074"},{"taxonomy":"product_tag","embeddable":true,"href":"https:\/\/shop.fondationthalie.org\/fr\/wp-json\/wp\/v2\/product_tag?post=1074"}],"curies":[{"name":"wp","href":"https:\/\/api.w.org\/{rel}","templated":true}]}}