{"id":1061,"date":"2024-07-17T12:04:30","date_gmt":"2024-07-17T10:04:30","guid":{"rendered":"https:\/\/shop.fondationthalie.org\/fr\/?post_type=product&#038;p=1061"},"modified":"2025-09-29T10:27:58","modified_gmt":"2025-09-29T08:27:58","slug":"sara-ouhaddou-livret-dexposition","status":"publish","type":"product","link":"https:\/\/shop.fondationthalie.org\/fr\/piece-art\/sara-ouhaddou-livret-dexposition\/","title":{"rendered":"Sara Ouhaddou \u2014 Livret d&rsquo;exposition"},"content":{"rendered":"<p>Cette publication est le deuxi\u00e8me volet de la collection de livrets d&rsquo;exposition de la Fondation Thalie. Elle est propos\u00e9e \u00e0 l&rsquo;occasion de l&rsquo;exposition personnelle de <strong>Sara Ouhaddou<\/strong>, <em><strong>Assieds-toi, prends un verre de th\u00e9<\/strong><\/em>, du 30 juin au 28 septembre 2024.<\/p>\n<p><em><strong>Assieds-toi, prends un verre de th\u00e9<\/strong><\/em> re\u0301unit un ensemble d\u2019\u0153uvres re\u0301centes, dont certaines ine\u0301dites, qui te\u0301moignent d\u2019une pratique artistique prote\u0301iforme inspire\u0301e par l\u2019artisanat et les cultures traditionnelles. L&rsquo;artiste Sara Ouhaddou est la seconde invite\u0301e du programme estival de la Fondation Thalie Arles.<\/p>","protected":false},"excerpt":{"rendered":"<p>\u00c9diteur : Fondation Thalie<br \/>\nTextes : Ludovic Delalande, Nathalie Guiot et Sara Ouhaddou<\/p>\n<div class=\"page\" title=\"Page 1\">\n<div class=\"layoutArea\">\n<div class=\"column\">\n<p>Tirage limit\u00e9 \u00e0 500 exemplaires<br \/>\nFormat : 21 x 15 cm, 40 pages<br \/>\nD\u00e9p\u00f4t l\u00e9gal : Mai 2024<br \/>\nIsbn: 978-2-9603410-3-4<\/p>\n<p>Copyright \u00a9 Fondation Thalie, 2024<\/p>\n<\/div>\n<\/div>\n<\/div>\n","protected":false},"featured_media":1072,"comment_status":"open","ping_status":"closed","template":"","meta":[],"product_cat":[38],"product_tag":[],"class_list":["post-1061","product","type-product","status-publish","has-post-thumbnail","hentry","product_cat-publications"],"_links":{"self":[{"href":"https:\/\/shop.fondationthalie.org\/fr\/wp-json\/wp\/v2\/product\/1061","targetHints":{"allow":["GET"]}}],"collection":[{"href":"https:\/\/shop.fondationthalie.org\/fr\/wp-json\/wp\/v2\/product"}],"about":[{"href":"https:\/\/shop.fondationthalie.org\/fr\/wp-json\/wp\/v2\/types\/product"}],"replies":[{"embeddable":true,"href":"https:\/\/shop.fondationthalie.org\/fr\/wp-json\/wp\/v2\/comments?post=1061"}],"wp:featuredmedia":[{"embeddable":true,"href":"https:\/\/shop.fondationthalie.org\/fr\/wp-json\/wp\/v2\/media\/1072"}],"wp:attachment":[{"href":"https:\/\/shop.fondationthalie.org\/fr\/wp-json\/wp\/v2\/media?parent=1061"}],"wp:term":[{"taxonomy":"product_cat","embeddable":true,"href":"https:\/\/shop.fondationthalie.org\/fr\/wp-json\/wp\/v2\/product_cat?post=1061"},{"taxonomy":"product_tag","embeddable":true,"href":"https:\/\/shop.fondationthalie.org\/fr\/wp-json\/wp\/v2\/product_tag?post=1061"}],"curies":[{"name":"wp","href":"https:\/\/api.w.org\/{rel}","templated":true}]}}