{"id":1034,"date":"2023-12-05T13:07:00","date_gmt":"2023-12-05T12:07:00","guid":{"rendered":"https:\/\/shop.fondationthalie.org\/fr\/?post_type=product&#038;p=1034"},"modified":"2024-04-06T20:59:40","modified_gmt":"2024-04-06T18:59:40","slug":"tote-bag","status":"publish","type":"product","link":"https:\/\/shop.fondationthalie.org\/fr\/piece-art\/tote-bag\/","title":{"rendered":"Tote bag"},"content":{"rendered":"<p>La Fondation Thalie engage depuis ses d\u00e9buts des commandes d\u2019\u0153uvres int\u00e9grant la maison. Apr\u00e8s <strong>Lionel Est\u00e8ve, Val\u00e9rie Mannaerts, Alex Cecchetti<\/strong>, le duo <strong>Florentine et Alexandre Lamarche-Ovize, <\/strong>la Fondation Thalie invite l&rsquo;artiste <strong>Adrien Vescovi<\/strong> pour la cr\u00e9ation de deux installations murales textiles r\u00e9alis\u00e9es pour les maisons de Bruxelles et d&rsquo;Arles.<\/p>\n<p>Dans le prolongement de cette commande, Adrien Vescovi r\u00e9alise un tote bag dans l\u2019esprit de son \u0153uvre murale.<\/p>\n<p>Les travaux d&rsquo;<strong>Adrien Vescovi<\/strong> consistent en des d\u00e9placements et des infusions de paysages sur des mat\u00e9riaux mall\u00e9ables en fibre textile (toiles de lin, draps). R\u00e9alis\u00e9e \u00e0 partir de d\u00e9coctions de v\u00e9g\u00e9taux ou de min\u00e9raux d\u2019ocres et de terres, la teinture succ\u00e8de \u00e0 la peinture. Le processus pictural consiste en un \u00e9puisement de la couleur par rin\u00e7ages successifs ou par les multiples transformations m\u00e9t\u00e9orologiques des toiles offertes aux al\u00e9as des impulsions atmosph\u00e9riques (insolation, pluie, vent, pollution, etc.). Proc\u00e9dant \u00e0 la mani\u00e8re d\u2019un alchimiste, sa m\u00e9thode s\u2019inspire de savoir-faire n\u00e9cessitant une connaissance quasi scientifique et intuitive de la mati\u00e8re.<\/p>\n<p>Le projet <strong>Soleil Blanc<\/strong> sur lequel il travaille est un r\u00e9cit compos\u00e9 de diff\u00e9rentes \u00e9tapes ou s\u00e9rie. L&rsquo;origine du titre de ce projet est le souvenir du soleil qui r\u00e9verb\u00e8re sur la neige, un souvenir d&rsquo;enfance pour parler d&rsquo;une lumi\u00e8re \u00e9blouissante, qui sature.<\/p>","protected":false},"excerpt":{"rendered":"<p>En 100% coton demi natt\u00e9 \u00e9cru 245 gr\/m2 dimensions :<br \/>\n40 x 37 cm avec un soufflet de 10cm sangle de 40mm<br \/>\nS\u00e9rigraphie sur textile<br \/>\n\u00c9dition limit\u00e9e \u00e0 300 exemplaires<\/p>\n","protected":false},"featured_media":1049,"comment_status":"open","ping_status":"closed","template":"","meta":[],"product_cat":[24],"product_tag":[],"class_list":["post-1034","product","type-product","status-publish","has-post-thumbnail","hentry","product_cat-editions-fondation-thalie","product_shipping_class-normale"],"_links":{"self":[{"href":"https:\/\/shop.fondationthalie.org\/fr\/wp-json\/wp\/v2\/product\/1034","targetHints":{"allow":["GET"]}}],"collection":[{"href":"https:\/\/shop.fondationthalie.org\/fr\/wp-json\/wp\/v2\/product"}],"about":[{"href":"https:\/\/shop.fondationthalie.org\/fr\/wp-json\/wp\/v2\/types\/product"}],"replies":[{"embeddable":true,"href":"https:\/\/shop.fondationthalie.org\/fr\/wp-json\/wp\/v2\/comments?post=1034"}],"wp:featuredmedia":[{"embeddable":true,"href":"https:\/\/shop.fondationthalie.org\/fr\/wp-json\/wp\/v2\/media\/1049"}],"wp:attachment":[{"href":"https:\/\/shop.fondationthalie.org\/fr\/wp-json\/wp\/v2\/media?parent=1034"}],"wp:term":[{"taxonomy":"product_cat","embeddable":true,"href":"https:\/\/shop.fondationthalie.org\/fr\/wp-json\/wp\/v2\/product_cat?post=1034"},{"taxonomy":"product_tag","embeddable":true,"href":"https:\/\/shop.fondationthalie.org\/fr\/wp-json\/wp\/v2\/product_tag?post=1034"}],"curies":[{"name":"wp","href":"https:\/\/api.w.org\/{rel}","templated":true}]}}