{"id":1014,"date":"2023-09-05T18:48:43","date_gmt":"2023-09-05T16:48:43","guid":{"rendered":"https:\/\/shop.fondationthalie.org\/fr\/?post_type=product&#038;p=1014"},"modified":"2024-09-28T20:42:28","modified_gmt":"2024-09-28T18:42:28","slug":"traversee-volume-1","status":"publish","type":"product","link":"https:\/\/shop.fondationthalie.org\/fr\/piece-art\/traversee-volume-1\/","title":{"rendered":"Travers\u00e9e \u2013 volume 1"},"content":{"rendered":"<p>Au printemps 2020, vingt femmes artistes t\u00e9moignent avec humour et po\u00e9sie de leur confinement et de la fa\u00e7on dont ce temps suspendu a influenc\u00e9 leur pratique artistique. Un assemblage de textes compos\u00e9 par Nathalie Guiot et lu comme une formidable source d\u2019inspiration et d\u2019enseignement.<\/p>\n<p>&nbsp;<\/p>\n<p><em><strong>Contributeurs.rices<\/strong><\/em><\/p>\n<p>Lucile Adam, Nour Awada, Nathalie Azoulai, Janet Biggs, L\u00e9a Bismuth, Andrea Blum, Marie Bovo, V\u00e9ronique Caye, Ninar Esber, Simone Fattal, Aur\u00e9lie Gravas, Marie-Ange Guilleminot, Eva Jospin, Elena Mazzi, Rachel Monosov, Simone Pheulpin, Barbara Polla, Prajakta Potnis, Joanna Preiss, Anila Rubiku, C\u00e9lia Stroom, Agn\u00e8s Thurnauer, Suzanne Wathelet.<em><strong><br \/>\n<\/strong><\/em><\/p>","protected":false},"excerpt":{"rendered":"<p>Collection Ishtar 2020<br \/>\n\u00c9dition limit\u00e9e \u00e0 300 exemplaires<br \/>\nGraphisme : Simon Dara<br \/>\nReliure suisse sur jaquette, format : 170 \u00d7 240 mm, 144 pages<br \/>\nIsbn : 978-2-931104-01-9<\/p>\n","protected":false},"featured_media":1016,"comment_status":"open","ping_status":"closed","template":"","meta":[],"product_cat":[38],"product_tag":[],"class_list":["post-1014","product","type-product","status-publish","has-post-thumbnail","hentry","product_cat-publications"],"_links":{"self":[{"href":"https:\/\/shop.fondationthalie.org\/fr\/wp-json\/wp\/v2\/product\/1014","targetHints":{"allow":["GET"]}}],"collection":[{"href":"https:\/\/shop.fondationthalie.org\/fr\/wp-json\/wp\/v2\/product"}],"about":[{"href":"https:\/\/shop.fondationthalie.org\/fr\/wp-json\/wp\/v2\/types\/product"}],"replies":[{"embeddable":true,"href":"https:\/\/shop.fondationthalie.org\/fr\/wp-json\/wp\/v2\/comments?post=1014"}],"wp:featuredmedia":[{"embeddable":true,"href":"https:\/\/shop.fondationthalie.org\/fr\/wp-json\/wp\/v2\/media\/1016"}],"wp:attachment":[{"href":"https:\/\/shop.fondationthalie.org\/fr\/wp-json\/wp\/v2\/media?parent=1014"}],"wp:term":[{"taxonomy":"product_cat","embeddable":true,"href":"https:\/\/shop.fondationthalie.org\/fr\/wp-json\/wp\/v2\/product_cat?post=1014"},{"taxonomy":"product_tag","embeddable":true,"href":"https:\/\/shop.fondationthalie.org\/fr\/wp-json\/wp\/v2\/product_tag?post=1014"}],"curies":[{"name":"wp","href":"https:\/\/api.w.org\/{rel}","templated":true}]}}