{"id":1007,"date":"2023-09-05T18:27:02","date_gmt":"2023-09-05T16:27:02","guid":{"rendered":"https:\/\/shop.fondationthalie.org\/fr\/?post_type=product&#038;p=1007"},"modified":"2024-09-28T20:42:28","modified_gmt":"2024-09-28T18:42:28","slug":"traversee-2030","status":"publish","type":"product","link":"https:\/\/shop.fondationthalie.org\/fr\/piece-art\/traversee-2030\/","title":{"rendered":"Travers\u00e9e 2030 \u2013 volume 2"},"content":{"rendered":"<p>Artistes, \u00e9crivains, po\u00e8tes, philosophes r\u00e9pondent \u00e0 l\u2019urgence des temps pr\u00e9sents, portant par le jeu de la fiction, du r\u00e9cit documentaire, de la photographie ou de la po\u00e9sie, les nouveaux r\u00e9cits de ce pourrait \u00eatre 2030, 40, 50, \u00c0 VIVRE\u2026 Il nous faudra oui, r\u00e9inventer, \u00e9difier le d\u00e9sir d\u2019une transformation collective pour plus d\u2019\u00e9cologie, pour sauver nos r\u00e9gimes d\u00e9mocratiques. Comment vivre dans un monde aux ressources finies\u00a0? O\u00f9 les libert\u00e9s s\u2019amenuisent face \u00e0 l\u2019\u00e9tat d\u2019urgence sanitaire, risquant l\u2019insurrection civile. O\u00f9 la perte en biodiversit\u00e9 et le r\u00e9chauffement climatique mettent en p\u00e9ril le futur des nouvelles g\u00e9n\u00e9rations, o\u00f9 les in\u00e9galit\u00e9s se creusent\u2026 Derri\u00e8re ce tableau apocalyptique, appara\u00eet un halo de lumi\u00e8re de conspirations positives interconnect\u00e9es, espaces de r\u00e9sistance habit\u00e9s par des valeurs autres que le consum\u00e9risme et la croissance \u00e0 tout crin\u00a0; des hommes et des femmes en qu\u00eate de plus d\u2019humanit\u00e9, de plus de po\u00e9sie, d\u2019invention de nouveaux savoirs,\u2026 etc.<\/p>\n<p>De cette r\u00e9alit\u00e9 et par le jeu d\u2019une \u00e9criture prospective, ces \u00eatres reli\u00e9s imaginent de nouveaux narratifs, de nouvelles utopies. Cette Travers\u00e9e nous fait voyager sur une trentaine d\u2019ann\u00e9es avec dans son sillage, des personnages de roman, des militants \u00e9cologistes, mais aussi des po\u00e8tes. Au fil de ces propositions, na\u00eetra peut-\u00eatre une fable o\u00f9 les animaux et les arbres auront pris le pouvoir \u00e0 la barbe des humains, pris \u00e0 la gorge de leur aveuglement \u00e9gotiste. Et au loin, immuables, les cimes des montages c\u00e9lestes\u2026<\/p>\n<p>&nbsp;<\/p>\n<p><strong>Contributeurs.rices<\/strong><\/p>\n<p><em>Boris Bergman (\u00e9crivain), Rodolphe Blavy (\u00e9conomiste), Marie de Brugerolle, (commissaire d\u2019exposition), C\u00e9line Cadaureille, (artiste), Th\u00e9o Casciani (\u00e9crivain), V\u00e9ronique Caye (vid\u00e9aste), Gilles Collard (philosophe), Rosanna Gangemi (philosophe de l\u2019art), Mathias Gervais de Lafond (architecte, \u00e9diteur)<\/em><em>, Thierry Grillet (historien)<\/em><em>, Nathalie Guiot, <\/em><em>Olivier Liron (\u00e9crivain), Tara Londi (\u00e9co-f\u00e9ministe), Eva Nielsen (peintre), Eug\u00e9nie Paultre (philosophe, peintre et po\u00e8te), Joana Preiss (actrice, r\u00e9alisatrice), Yann Perreau (auteur, critique d\u2019art), Julien et Guillaume Serve<\/em><\/p>\n<p><strong><br \/>\nIllustrations<br \/>\n<\/strong><br \/>\nS\u00e9rie de photographies de Nicolas Floc\u2019h, Peintures d\u2019Eva Nielsen, oeuvres de la collection de Nathalie Guiot dont Hiroshi Sugimoto, Dirk Braeckman, Davide Balula, Geert et Uwe Tobias, Jose Maria Sicilia, Simone Fattal\u2026<\/p>","protected":false},"excerpt":{"rendered":"<p>Collection Ishtar, 2021<br \/>\nFormat 170 x 240 mm<br \/>\n176 pages<br \/>\nQuadrichromie sur du papier Munken polar rough (120g)<br \/>\nGraphisme Simon Dara<\/p>\n","protected":false},"featured_media":1008,"comment_status":"open","ping_status":"closed","template":"","meta":[],"product_cat":[38],"product_tag":[],"class_list":["post-1007","product","type-product","status-publish","has-post-thumbnail","hentry","product_cat-publications","product_shipping_class-normale"],"_links":{"self":[{"href":"https:\/\/shop.fondationthalie.org\/fr\/wp-json\/wp\/v2\/product\/1007","targetHints":{"allow":["GET"]}}],"collection":[{"href":"https:\/\/shop.fondationthalie.org\/fr\/wp-json\/wp\/v2\/product"}],"about":[{"href":"https:\/\/shop.fondationthalie.org\/fr\/wp-json\/wp\/v2\/types\/product"}],"replies":[{"embeddable":true,"href":"https:\/\/shop.fondationthalie.org\/fr\/wp-json\/wp\/v2\/comments?post=1007"}],"wp:featuredmedia":[{"embeddable":true,"href":"https:\/\/shop.fondationthalie.org\/fr\/wp-json\/wp\/v2\/media\/1008"}],"wp:attachment":[{"href":"https:\/\/shop.fondationthalie.org\/fr\/wp-json\/wp\/v2\/media?parent=1007"}],"wp:term":[{"taxonomy":"product_cat","embeddable":true,"href":"https:\/\/shop.fondationthalie.org\/fr\/wp-json\/wp\/v2\/product_cat?post=1007"},{"taxonomy":"product_tag","embeddable":true,"href":"https:\/\/shop.fondationthalie.org\/fr\/wp-json\/wp\/v2\/product_tag?post=1007"}],"curies":[{"name":"wp","href":"https:\/\/api.w.org\/{rel}","templated":true}]}}