{"id":1003,"date":"2023-09-05T17:50:15","date_gmt":"2023-09-05T15:50:15","guid":{"rendered":"https:\/\/shop.fondationthalie.org\/fr\/?post_type=product&#038;p=1003"},"modified":"2024-09-28T20:42:28","modified_gmt":"2024-09-28T18:42:28","slug":"traversee-opus-3","status":"publish","type":"product","link":"https:\/\/shop.fondationthalie.org\/fr\/piece-art\/traversee-opus-3\/","title":{"rendered":"Travers\u00e9e \u2013 volume 3"},"content":{"rendered":"<p>Pour sa troisi\u00e8me \u00e9dition,\u00a0<em><span style=\"font-style: inherit !important; font-weight: inherit !important;\">Travers\u00e9e<\/span><\/em> fait la part belle \u00e0 la jeune cr\u00e9ation. Plac\u00e9e sous la co-direction de Gilles Collard et Nathalie Guiot, elle rassemble sept jeunes plumes (Camille Bleker, Th\u00e9o Casciani, Louise Chennevi\u00e8re, Manah Depauw, Gabriel Ren\u00e9 Franjou, Simon Johannin, Deborah Levyh) et deux artistes visuelles (Elise Peroi, Jeanne Vicerial) dont les \u0153uvres font \u00e9cho aux questions de notre temps\u00a0: est-ce que l\u2019id\u00e9e d\u2019humanit\u00e9, au singulier, v\u00e9hicule encore une aspiration \u00e0 un monde meilleur ? Et nos humanit\u00e9s, au pluriel, que sont-elles devenues ? Un monde post-humain s\u2019\u00e9crit-il d\u00e8s aujourd\u2019hui, nous appelant \u00e0 en figurer les contours ? De la fiction au r\u00e9el, iels esquissent des pistes au plus pr\u00e8s des atmosph\u00e8res, des ambiances en transition qui nous habitent, loin des \u00e9coles ou des concepts h\u00e9rit\u00e9s.<\/p>\n<p>&nbsp;<\/p>\n<p><em><strong>Contributeur\u00b7rices<\/strong><\/em><\/p>\n<p>Camille Bleker, Th\u00e9o Casciani, Louise Chennevi\u00e8re, Manah Depauw, Gabriel Ren\u00e9 Franjou, Simon Johannin, Deborah Levyh, Elise Peroi, Jeanne Vicerial.<\/p>","protected":false},"excerpt":{"rendered":"<p>Collection Ishtar 2023<br \/>\nEdition limit\u00e9e \u00e0 500 exemplaires<br \/>\nFormat :\u00a0105 pages,\u00a0240 x 170 mm<br \/>\nisbn : 978-2-9601678-9-4<\/p>\n<p>Coordination \u00e9ditoriale : Flora Fettah<br \/>\nConception graphique : Simon Dara<\/p>\n","protected":false},"featured_media":1019,"comment_status":"open","ping_status":"closed","template":"","meta":[],"product_cat":[38],"product_tag":[],"class_list":["post-1003","product","type-product","status-publish","has-post-thumbnail","hentry","product_cat-publications","product_shipping_class-normale"],"_links":{"self":[{"href":"https:\/\/shop.fondationthalie.org\/fr\/wp-json\/wp\/v2\/product\/1003","targetHints":{"allow":["GET"]}}],"collection":[{"href":"https:\/\/shop.fondationthalie.org\/fr\/wp-json\/wp\/v2\/product"}],"about":[{"href":"https:\/\/shop.fondationthalie.org\/fr\/wp-json\/wp\/v2\/types\/product"}],"replies":[{"embeddable":true,"href":"https:\/\/shop.fondationthalie.org\/fr\/wp-json\/wp\/v2\/comments?post=1003"}],"wp:featuredmedia":[{"embeddable":true,"href":"https:\/\/shop.fondationthalie.org\/fr\/wp-json\/wp\/v2\/media\/1019"}],"wp:attachment":[{"href":"https:\/\/shop.fondationthalie.org\/fr\/wp-json\/wp\/v2\/media?parent=1003"}],"wp:term":[{"taxonomy":"product_cat","embeddable":true,"href":"https:\/\/shop.fondationthalie.org\/fr\/wp-json\/wp\/v2\/product_cat?post=1003"},{"taxonomy":"product_tag","embeddable":true,"href":"https:\/\/shop.fondationthalie.org\/fr\/wp-json\/wp\/v2\/product_tag?post=1003"}],"curies":[{"name":"wp","href":"https:\/\/api.w.org\/{rel}","templated":true}]}}