{"id":85,"date":"2021-02-18T17:47:25","date_gmt":"2021-02-18T16:47:25","guid":{"rendered":"https:\/\/dev.editions-ishtar.com\/fr\/?page_id=85"},"modified":"2025-05-14T10:09:13","modified_gmt":"2025-05-14T08:09:13","slug":"a-propos","status":"publish","type":"page","link":"https:\/\/shop.fondationthalie.org\/fr\/a-propos\/","title":{"rendered":"\u00c0 propos"},"content":{"rendered":"<p>Fond\u00e9e en 2014, la Fondation Thalie s\u2019est engag\u00e9e une d\u00e9cennie pour la cr\u00e9ation contemporaine \u00e0 travers un centre d\u2019art \u00e0 Bruxelles et \u00e0 Arles, des r\u00e9sidences, un programme d\u2019expositions et une collection d\u2019art. De 2018 \u00e0 2024, la Fondation a accueilli des r\u00e9sidences pour artistes et auteurs, produit des expositions et une programmation multidisciplinaire croisant arts, design, sciences et litt\u00e9rature, s\u2019illustrant comme un v\u00e9ritable acteur culturel, centre d\u2019art \u00e0 Bruxelles. En 2023-24, elle a \u00e9galement produit des expositions et des r\u00e9sidences d\u2019artistes en Arles,\u00a0 dans le sud de la France. La fondation Thalie est une initiative de m\u00e9c\u00e9nat priv\u00e9, port\u00e9e par Nathalie Guiot, commissaire d\u2019exposition, collectionneuse d\u2019art, \u00e9ditrice et philanthrope. Elle devient un <b>Fond de dotation Art et Environnement, <\/b>poursuivant son action \u00e0 travers des aides \u00e0 la production et \u00e0 la diffusion, des actions de sensibilisation \u00e9cologique et une collection d\u2019art.<\/p>\r\n<p>Les publications de la Fondation sont toujours disponibles sur notre e-shop et sur rendez-vous en vous adressant \u00e0 discutons@fondationthalie.org<\/p>\r\n<p>&nbsp;<\/p>\r\n\r\n<p>&nbsp;<\/p><!-- \/wp:post-content -->","protected":false},"excerpt":{"rendered":"<p>Fond\u00e9e en 2014, la Fondation Thalie s\u2019est engag\u00e9e une d\u00e9cennie pour la cr\u00e9ation contemporaine \u00e0 travers un centre d\u2019art \u00e0 Bruxelles et \u00e0 Arles, des r\u00e9sidences, un programme d\u2019expositions et une collection d\u2019art. De 2018 \u00e0 2024, la Fondation a accueilli des r\u00e9sidences pour artistes et auteurs, produit des expositions et une programmation multidisciplinaire croisant [&hellip;]<\/p>\n","protected":false},"author":1,"featured_media":0,"parent":0,"menu_order":0,"comment_status":"closed","ping_status":"closed","template":"fullwidth.php","meta":{"footnotes":""},"class_list":["post-85","page","type-page","status-publish","hentry"],"_links":{"self":[{"href":"https:\/\/shop.fondationthalie.org\/fr\/wp-json\/wp\/v2\/pages\/85","targetHints":{"allow":["GET"]}}],"collection":[{"href":"https:\/\/shop.fondationthalie.org\/fr\/wp-json\/wp\/v2\/pages"}],"about":[{"href":"https:\/\/shop.fondationthalie.org\/fr\/wp-json\/wp\/v2\/types\/page"}],"author":[{"embeddable":true,"href":"https:\/\/shop.fondationthalie.org\/fr\/wp-json\/wp\/v2\/users\/1"}],"replies":[{"embeddable":true,"href":"https:\/\/shop.fondationthalie.org\/fr\/wp-json\/wp\/v2\/comments?post=85"}],"version-history":[{"count":19,"href":"https:\/\/shop.fondationthalie.org\/fr\/wp-json\/wp\/v2\/pages\/85\/revisions"}],"predecessor-version":[{"id":1124,"href":"https:\/\/shop.fondationthalie.org\/fr\/wp-json\/wp\/v2\/pages\/85\/revisions\/1124"}],"wp:attachment":[{"href":"https:\/\/shop.fondationthalie.org\/fr\/wp-json\/wp\/v2\/media?parent=85"}],"curies":[{"name":"wp","href":"https:\/\/api.w.org\/{rel}","templated":true}]}}