{"id":3,"date":"2021-02-15T11:01:24","date_gmt":"2021-02-15T10:01:24","guid":{"rendered":"https:\/\/dev.editions-ishtar.com\/?page_id=3"},"modified":"2021-07-06T18:57:26","modified_gmt":"2021-07-06T16:57:26","slug":"politique-de-confidentialite","status":"publish","type":"page","link":"https:\/\/shop.fondationthalie.org\/fr\/charte-vie-privee\/","title":{"rendered":"Charte et vie priv\u00e9e"},"content":{"rendered":"<p><\/p>\r\n\r\n<p>1. AVERTISSEMENT GENERAL<br \/>1.1 Les \u00c9ditions Thalie sont une marque de la fondation priv\u00e9e de droit Fondation Thalie. Fondation Thalie et Les \u00c9ditions Thalie respectent la vie priv\u00e9e de ses utilisateurs (ci- apr\u00e8s, les \u00ab Utilisateurs \u00bb).\u20281.2 Les \u00c9ditions Thalie traitent les donn\u00e9es \u00e0 caract\u00e8re personnel qui lui sont transmises conform\u00e9ment \u00e0 la l\u00e9gislation en vigueur, et en particulier \u00e0 la loi du 8 d\u00e9cembre 1992 relative \u00e0 la protection de la vie priv\u00e9e et ses arr\u00eat\u00e9s d&rsquo;ex\u00e9cution.\u20281.3 L&rsquo;acc\u00e8s au site www.leseditionsthalie.com (ci-apr\u00e8s, le \u00ab Site \u00bb) implique l&rsquo;acceptation int\u00e9grale et sans r\u00e9serve par l&rsquo;internaute de la pr\u00e9sente Charte vie priv\u00e9e (ci-apr\u00e8s, la \u00ab Charte \u00bb), ainsi que de ses Conditions g\u00e9n\u00e9rales d\u2019utilisation (ci-apr\u00e8s, les \u00ab CGU \u00bb).\u20281.4 L\u2019Utilisateur reconnait avoir pris connaissance des informations ci-dessous et autorise Les \u00c9ditions Thalie \u00e0 traiter, conform\u00e9ment \u00e0 ce qui est pr\u00e9cis\u00e9 ci-dessous, les donn\u00e9es \u00e0 caract\u00e8re personnel qu&rsquo;il communique sur le Site dans le cadre du service propos\u00e9 par Les \u00c9ditions Thalie (ci-apr\u00e8s, le \u00ab Service \u00bb).\u20281.5 Moyennant information aux Utilisateurs, Les \u00c9ditions Thalie peut \u00eatre amen\u00e9e \u00e0 modifier et adapter la Charte, notamment afin de respecter toute nouvelle l\u00e9gislation et\/ou r\u00e8glementation applicable (\u00e0 l\u2019instar de l\u2019adoption du nouveau r\u00e8glement europ\u00e9en sur le traitement de donn\u00e9es \u00e0 caract\u00e8re personnel &#8211; R\u00e8glement 2016\/679 du Parlement europ\u00e9en et du Conseil du 27 avril 2016 relatif \u00e0 la protection des personnes physiques \u00e0 l&rsquo;\u00e9gard du traitement des donn\u00e9es \u00e0 caract\u00e8re personnel et \u00e0 la libre circulation de ces donn\u00e9es &#8211; du 14 avril 2016, et applicable \u00e0 partir du 25 mai 2018), les recommandations de la Commission vie priv\u00e9e en Belgique, les lignes directrices, les recommandations et les bonnes pratiques du Comit\u00e9 europ\u00e9en de la protection des donn\u00e9es et les d\u00e9cisions des cours et tribunaux en la mati\u00e8re.\u20281.6 La Charte est valable pour toutes les pages h\u00e9berg\u00e9es sur le Site et pour les enregistrements de ce Site. Elle n\u2019est pas valable pour les pages h\u00e9berg\u00e9es par des tiers auxquelles Les \u00c9ditions Thalie pourrait renvoyer et dont les politiques de confidentialit\u00e9 peuvent diff\u00e9rer. Les \u00c9ditions Thalie ne peut d\u00e8s lors \u00eatre tenue pour responsable des \u00e9ventuelles donn\u00e9es trait\u00e9es sur ces sites ou par ceux-ci.\u20281.7 La communication de donn\u00e9es personnelles sont parfois n\u00e9cessaires afin d\u2019acc\u00e9der \u00e0 certaines parties du Site (par exemple pour la r\u00e9servation des \u00e9v\u00e8nements propos\u00e9s par Les \u00c9ditions Thalie ou proc\u00e9der \u00e0 un achat dans la boutique ou pour participer \u00e0 un appel \u00e0 projet). Sans communication par l\u2019Utilisateur \u00e0 Les \u00c9ditions Thalie de ces donn\u00e9es, l\u2019acc\u00e8s pourra lui \u00eatre refus\u00e9.<br \/>2. RESPONSABLE DU TRAITEMENT<br \/>2.1 L&rsquo;acc\u00e8s au Site s\u2019op\u00e8re en principe sans devoir fournir de donn\u00e9es \u00e0 caract\u00e8re personnel, telles que, notamment, le nom, le pr\u00e9nom, l&rsquo;adresse postale, l&rsquo;adresse de courrier \u00e9lectronique, etc.\u20282.2 Cependant, dans le cadre du Service, l\u2019Utilisateur peut \u00eatre amen\u00e9 \u00e0 transmettre certaines donn\u00e9es personnelles. Dans ce cas, le responsable du traitement de ces donn\u00e9es est :\u2028Les \u00c9ditions Thalie\u2028c\/o Fondation Thalie\u202815 rue Buchholtz, 1050 Bruxelles\u2028TVA : BE.0746.612.364\u20282.3 Toute question ou demande concernant le traitement de ces donn\u00e9es peut \u00eatre adress\u00e9e \u00e0 l&rsquo;adresse suivante : dataprivacy@leseditionsthalie.com<br \/>3. INFORMATIONS COLLECTEES<br \/>3.1. DONNEES TRANSMISES A LES \u00c9DITIONS THALIE PAR L&rsquo;INTERVENTION ACTIVE DES UTILISATEURS\u2028En naviguant sur le Site, en remplissant les formulaires ou newsletters sur le Site, au travers de l\u2019application mobile ou des r\u00e9seaux sociaux li\u00e9s \u00e0 Les \u00c9ditions Thalie, l\u2019Utilisateur permet notamment \u00e0 Les \u00c9ditions Thalied&rsquo;enregistrer et de conserver, aux fins mentionn\u00e9es au point 4, les informations suivantes :\u2028- \u00a0les donn\u00e9es d&rsquo;identification, telles que le nom et pr\u00e9nom, le genre, l&rsquo;adresse e-mail, la date de naissance et les informations de contact physique ;\u2028- \u00a0les informations de facturation ;\u2028- \u00a0les communications entre les Utilisateurs et Les \u00c9ditions Thalie ;\u2028- \u00a0les informations suppl\u00e9mentaires demand\u00e9es par Les \u00c9ditions Thalie \u00e0 l\u2019Utilisateur afin de l&rsquo;identifier ou de l\u2019emp\u00eacher d\u2019enfreindre l\u2019une des dispositions de la Charte; et\u2028- \u00a0toutes autres informations transmises volontairement \u00e0 Les \u00c9ditions Thalie par l\u2019Utilisateur \u00e0 une fin d\u00e9termin\u00e9e dans la Charte, dans les CGU, sur le Site ou sur tout autre support de communication utilis\u00e9 par Les \u00c9ditions Thalie.\u2028\u2028\u00a0 Il est \u00e0 mentionner que bien qu\u2019\u00e9tant une plateforme de paiement, le Site et Les \u00c9ditions Thalie ne conservent aucune des donn\u00e9es bancaires fournies par l\u2019Utilisateur. Le syst\u00e8me de paiement Mollie auquel le Site de Les \u00c9ditions Thalie fait appel, est situ\u00e9 au Pays-bas et r\u00e9pond en tous points aux r\u00e8gles de l\u2019Union Europ\u00e9enne; la charte de la vie priv\u00e9e de Mollie est consultable \u00e0 l\u2019adresse suivante : https:\/\/www.mollie.com\/fr\/consumers\u2028\u20283.2. DONNEES QUI SONT AUTOMATIQUEMENT TRANSMISES A FONDATION THALIE LORS DE LA CONSULTATION DU SITE\u20283.2.1. LES \u00ab COOKIES \u00bb \u2028Dans le but de faciliter la navigation sur le Site ainsi que d&rsquo;optimaliser la gestion technique, le Site peut avoir recours \u00e0 des \u00ab cookies \u00bb.\u2028Un \u00ab cookie \u00bb est un petit fichier contenant des informations sauvegard\u00e9es par un site web sur l&rsquo;ordinateur ou une application sur le smartphone de l\u2019Utilisateur. Ce \u00ab cookie \u00bb peut \u00eatre r\u00e9cup\u00e9r\u00e9 lors d&rsquo;une visite ult\u00e9rieure sur cette m\u00eame application ou ce m\u00eame site. Le \u00ab cookie \u00bb ne peut \u00eatre lu par un autre site web que celui qui l&rsquo;a cr\u00e9\u00e9. Le Site utilise les \u00ab cookies \u00bb \u00e0 des fins de bonne administration du Site notamment pour enregistrer les pr\u00e9f\u00e9rences de navigation de l\u2019Utilisateur, ou pour obtenir des informations relatives aux pages consult\u00e9es et aux dates et heures de consultation.\u2028La plupart des \u00ab cookies \u00bb ne fonctionnent que le temps d&rsquo;une session ou visite. Il est \u00e9galement possible pour l\u2019Utilisateur de configurer son navigateur pour \u00eatre inform\u00e9 lors de chaque cr\u00e9ation de \u00ab cookie \u00bb ou pour emp\u00eacher leur enregistrement, de fa\u00e7on individuelle ou non. La d\u00e9sactivation des cookies pourrait cependant emp\u00eacher l&rsquo;acc\u00e8s \u00e0 certaines parties du Site ou en rendre l&rsquo;acc\u00e8s plus difficile.\u2028Sous r\u00e9serve du consentement pr\u00e9alable de l\u2019Utilisateur, le Site peut \u00e9galement permettre l\u2019utilisation de cookies de tiers, dont notamment ceux d\u00e9crits ci-dessous :\u2028- Facebook, Twitter, Google +\u2028Les \u00c9ditions Thalie utilise sur son Site les modules sociaux des fournisseurs de r\u00e9seaux sociaux Facebook, Twitter et Google +. Ces modules sociaux \u00e9tablissent une connexion directe au serveur du r\u00e9seau social via le navigateur de l\u2019Utilisateur. Le fournisseur du r\u00e9seau social sur lequel l\u2019Utilisateur a cliqu\u00e9 re\u00e7oit l\u2019information que l\u2019Utilisateur a visit\u00e9 le Site. Si l\u2019Utilisateur est enregistr\u00e9 et identifi\u00e9 sur le r\u00e9seau social concern\u00e9, le fournisseur peut effectuer une corr\u00e9lation entre le profil de l\u2019Utilisateur et le Site visit\u00e9. Le fournisseur de r\u00e9seau peut alors \u00e9tablir des interactions futures. Si l\u2019Utilisateur n\u2019est pas enregistr\u00e9 aupr\u00e8s du r\u00e9seau social, le fournisseur peut stocker l\u2019adresse IP de l\u2019Utilisateur. Afin d\u2019\u00e9viter le transfert de ces donn\u00e9es au fournisseur de r\u00e9seau social, l\u2019Utilisateur ne doit pas cliquer sur le bouton correspondant au r\u00e9seau social.\u2028- Google analytics\u2028Le Site utilise \u00e9galement Google analytics. Ce service, offert par Google, analyse l\u2019activit\u00e9 du Site. A ces fins, Google collecte des informations li\u00e9es au trafic web et au nombre de visiteurs. Cet outil permet \u00e0 Fondation Thalie de mesurer les performances du Site en mati\u00e8re de navigation et de regrouper les rapports d\u2019activit\u00e9s et autres services.\u20283.2.2. LES INFORMATIONS ENREGISTREES SUR LES SERVEURS CONSULTES\u2028Lorsque l\u2019Utilisateur acc\u00e8de au Site, les serveurs consult\u00e9s enregistrent automatiquement certaines donn\u00e9es, telles que le type de domaine avec lequel l\u2019Utilisateur se connecte \u00e0 l&rsquo;Internet, l&rsquo;adresse IP attribu\u00e9e \u00e0 l\u2019Utilisateur (lors de sa connexion), la date et l&rsquo;heure d&rsquo;acc\u00e8s au Site et autres donn\u00e9es relatives au trafic, les donn\u00e9es de localisation ou autre donn\u00e9es relatives \u00e0 la communication, les pages consult\u00e9es, le type de navigateur utilis\u00e9, la plate-forme et\/ou le syst\u00e8me d&rsquo;exploitation utilis\u00e9, le moteur de recherche ainsi que les mots-cl\u00e9s utilis\u00e9s pour retrouver le Site, etc.\u2028Aucune donn\u00e9e nominative permettant d&rsquo;identifier l\u2019Utilisateur n&rsquo;est cependant collect\u00e9e par le biais de ces enregistrements. Ces informations ne sont conserv\u00e9es qu&rsquo;\u00e0 des seules fins statistiques et d&rsquo;am\u00e9lioration du Site.<br \/>4. FINALITES DU TRAITEMENT<br \/>4.1. FINALITES GENERALES\u2028Sans pr\u00e9judice de ce qui a \u00e9t\u00e9 pr\u00e9cis\u00e9 au point 3.2. concernant les donn\u00e9es transmises automatiquement, le Site collecte, stocke et traite les donn\u00e9es personnelles de ses Utilisateurs notamment aux fins suivantes:<br \/>\u2022 \u00a0pour \u00e9tablir, r\u00e9aliser et conduire la relation contractuelle avec l\u2019Utilisateur ;<br \/>\u2022 \u00a0pour que l\u2019Utilisateur puisse participer \u00e0 appels \u00e0 projets, proc\u00e9der \u00e0 des actes d\u2019achat et, de mani\u00e8re g\u00e9n\u00e9rale, pour fournir le Service ;<br \/>\u2022 \u00a0pour incorporer les donn\u00e9es personnelles des Utilisateurs dans un ou plusieurs fichiers automatis\u00e9s ;<br \/>\u2022 \u00a0pour analyser, adapter et am\u00e9liorer le contenu du Site ;<br \/>\u2022 \u00a0pour r\u00e9aliser des enqu\u00eates statistiques internes et des \u00e9tudes de march\u00e9 et d\u00e9ployer des syst\u00e8mes et \u00e9tudes statistiques vari\u00e9s ;<br \/>\u2022 \u00a0pour permettre \u00e0 l\u2019Utilisateur de recevoir des messages et g\u00e9rer son compte \u00e0 partir de diff\u00e9rents appareils (ordinateur, tablette, smartphone, etc.) ;<br \/>\u2022 \u00a0pour d\u00e9tecter et\/ou pr\u00e9venir la fraude ou les activit\u00e9s analogues de nature ill\u00e9gale ;<br \/>\u2022 \u00a0pour faciliter la mise \u00e0 disposition et l\u2019utilisation du Site et am\u00e9liorer les Services propos\u00e9s par Les \u00c9ditions Thalie ainsi que l\u2019exp\u00e9rience des Utilisateurs ;<br \/>\u2022 \u00a0pour r\u00e9pondre \u00e0 des demandes d\u2019informations ;<br \/>\u2022 \u00a0pour les \u00e9ventuelles actions marketing et promotions propos\u00e9es par Les \u00c9ditions Thalie aux Utilisateurs ayant souscrit \u00e0 la Newsletter ;<br \/>\u2022 \u00a0pour les informer sur les \u00e9volutions du Site et de ses fonctionnalit\u00e9s ; et<br \/>\u2022 \u00a0pour toutes autres fins pour lesquelles l\u2019Utilisateur aurait donn\u00e9 son consentement de fa\u00e7on expresse.<br \/>4.2. COMMUNICATION A DES TIERS\u2028Les \u00c9ditions Thalie consid\u00e8re les donn\u00e9es personnelles comme des informations confidentielles. Elle ne les communiquera pas \u00e0 des tiers dans des conditions autres que celles sp\u00e9cifi\u00e9es par la Charte ou dans les conditions dans lesquelles la loi l&rsquo;y oblige, notamment des autorit\u00e9s comp\u00e9tentes qui en font la demande.\u2028Sont notamment consid\u00e9r\u00e9s comme des partenaires de Les \u00c9ditions Thalie: toutes les administrations et organes r\u00e9gionaux dans l\u2019exercice de leurs missions, tout acteur du secteur touristique, culturel (ci-apr\u00e8s, les \u00ab Partenaires \u00bb). Dans ce cadre, Fondation Thalie peut communiquer \u00e0 ses Partenaires, les informations \u00e0 caract\u00e8re personnel de ses Utilisateurs, aux fins d\u2019accomplir les finalit\u00e9s d\u00e9velopp\u00e9es au paragraphe 4.1.\u2028La communication de ces informations aux personnes pr\u00e9cit\u00e9es devra, en toutes circonstances, \u00eatre limit\u00e9e \u00e0 ce qui strictement n\u00e9cessaire ou requis par la r\u00e9glementation applicable.\u2028\u20284.3. TRANSFERT VERS UN PAYS NON MEMBRE DE L\u2019ESPACE ECONOMIQUE EUROPEEN\u2028Les \u00c9ditions Thalie n&rsquo;op\u00e8re de transfert de donn\u00e9es vers un pays non membre de l\u2019Espace Economie Europ\u00e9en que lorsque ce pays assure un niveau de protection ad\u00e9quat au sens de la loi du 8 d\u00e9cembre 1992 relative \u00e0 la protection de la vie priv\u00e9e, ou dans les limites permises par cette m\u00eame loi, par exemple en assurant la protection des donn\u00e9es par des dispositions contractuelles adapt\u00e9es.\u2028\u20284.4. MARKETING DIRECT\u2028Les donn\u00e9es personnelles ne seront pas utilis\u00e9es \u00e0 des fins de marketing direct pour des produits ou services autres que ceux auxquels l\u2019Utilisateur a d\u00e9j\u00e0 souscrit, \u00e0 moins que l\u2019Utilisateur n&rsquo;y ait consenti pr\u00e9alablement de mani\u00e8re explicite en cochant les cases pr\u00e9vues \u00e0 cet effet (\u00ab opt-in \u00bb).\u2028Lorsque l&rsquo;Utilisateur a donn\u00e9 son consentement pour l&rsquo;utilisation de ces informations \u00e0 des fins de marketing direct, celui-ci conserve le droit de s&rsquo;opposer \u00e0 tout moment, sur demande et gratuitement, \u00e0 une telle utilisation. Il suffit pour cela \u00e0 l&rsquo;Utilisateur de se desinscrire \u00e0 l\u2019aide du lien correspondant dans chaque newsletter, en cochant la case du Site pr\u00e9vue \u00e0 cet effet sur chaque compte Utilisateur ou encore de communiquer sa demande d\u00e9nu\u00e9e d\u2019ambigu\u00eft\u00e9 \u00e0 l&rsquo;adresse suivante : dataprivacy@leseditionsthalie.com\u2028L\u2019Utilisateur r\u00e9pondra, dans tous les cas, de la v\u00e9racit\u00e9 des donn\u00e9es fournies et s&rsquo;engage \u00e0 informer Les \u00c9ditions Thalie de toute modification de ces donn\u00e9es.<br \/>5. SECURITE<br \/>5.1 Les \u00c9ditions Thalie a pris les mesures ad\u00e9quates afin que les serveurs h\u00e9bergeant les donn\u00e9es personnelles trait\u00e9es emp\u00eachent, dans la mesure du possible :\u2028- les traitements, acc\u00e8s ou modifications non autoris\u00e9s \u00e0 ces donn\u00e9es ;\u2028- l\u2019usage inad\u00e9quat ou la divulgation de ces donn\u00e9es ; et\u2028- la destruction ill\u00e9gale ou la perte accidentelle de ces donn\u00e9es.\u20285.2 A cet \u00e9gard, les employ\u00e9s de Les \u00c9ditions Thalie qui ont acc\u00e8s \u00e0 ces donn\u00e9es, sont soumis \u00e0 une obligation stricte de confidentialit\u00e9. Les \u00c9ditions Thalie ne saurait toutefois nullement \u00eatre tenue pour responsable en cas de d\u00e9tournement de ces donn\u00e9es par un tiers en d\u00e9pit des mesures de s\u00e9curit\u00e9 adopt\u00e9es.\u20285.3 Les Utilisateurs s\u2019engagent \u00e0 ne pas commettre d\u2019agissements qui pourraient \u00eatre contraire \u00e0 la pr\u00e9sente Charte, aux CGU ou, de mani\u00e8re g\u00e9n\u00e9rale, \u00e0 la loi. Les infractions contre la confidentialit\u00e9, l&rsquo;int\u00e9grit\u00e9 et la disponibilit\u00e9 des syst\u00e8mes informatiques et des donn\u00e9es qui sont stock\u00e9es, trait\u00e9es ou transmises par ces syst\u00e8mes, ou la tentative de commettre l&rsquo;une de ces infractions, sont punies par un emprisonnement de trois mois \u00e0 cinq ans et d&rsquo;une amende de vingt-six euros \u00e0 deux cent mille euros ou d&rsquo;une de ces peines seulement.<br \/>6. DUREE DE CONSERVATION<br \/>Les \u00c9ditions Thalie conservera normalement les donn\u00e9es personnelles de ses Utilisateurs durant toute la dur\u00e9e n\u00e9cessaire \u00e0 la r\u00e9alisation des finalit\u00e9s poursuivies (cfr. point 4). Les \u00c9ditions Thalie peut \u00e9galement continuer \u00e0 d\u00e9tenir des donn\u00e9es personnelles concernant l\u2019Utilisateur desinscrit, y compris toute correspondance ou demande d&rsquo;assistance adress\u00e9es \u00e0 Les \u00c9ditions Thalie, afin de pouvoir r\u00e9pondre \u00e0 toutes questions ou plaintes qui lui seraient adress\u00e9es, et afin de se conformer \u00e0 toutes les lois applicables (y compris en mati\u00e8re fiscale), notamment la conservation des informations relatives aux payements effectu\u00e9s.<br \/>7. DROITS DE LA PERSONNE CONCERNEE<br \/>7.1 L\u2019Utilisateur peut \u00e0 tout instant demander l\u2019acc\u00e8s, la rectification ou, le cas \u00e9ch\u00e9ant, la suppression \u00e0\/de ses donn\u00e9es personnelles, \u00e0 l&rsquo;exception de celles dont Les \u00c9ditions Thalie aurait une obligation l\u00e9gale de conservation, en adressant une demande \u00e9crite, accompagn\u00e9e d\u2019une copie de sa carte d\u2019identit\u00e9 ou de son passeport :\u2028- \u00e0 l\u2019adresse postale suivante: Les \u00c9ditions Thalie, c\/o Fondation Thalie, 15 rue Buchholtz 1050 Bruxelles ou ;\u2028- \u00e0 l\u2019adresse email suivante : dataprivacy@leseditionsthalie.com\u20287.2 Les \u00c9ditions Thalie fera alors le n\u00e9cessaire pour satisfaire \u00e0 cette demande dans les meilleurs d\u00e9lais.<br \/>8. NOTE CONCERNANT LES MINEURS<br \/>Les personnes \u00e2g\u00e9es de moins de 18 ans et les personnes qui n&rsquo;ont pas la pleine capacit\u00e9 juridique ne sont pas autoris\u00e9es \u00e0 communiquer leurs donn\u00e9es personnelles \u00e0 Les \u00c9ditions Thalie.<br \/>9. DROIT APPLICABLE ET JURIDICTION COMPETENTE<br \/>9.1 La Charte est soumise au droit belge, dans toute la mesure permise par les r\u00e8gles de droit international priv\u00e9 applicables.\u20289.2 En cas de litige relatif \u00e0 validit\u00e9, l&rsquo;application, l\u2019interpr\u00e9tation ou \u00e0 l\u2019ex\u00e9cution de la Charte, les juridictions de l\u2019arrondissement judiciaire de Bruxelles (Belgique) sont exclusivement comp\u00e9tentes, dans toute la mesure permise par les r\u00e8gles de droit international priv\u00e9 applicables.\u20289.3 Avant d\u2019entreprendre toute d\u00e9marche visant \u00e0 la r\u00e9solution judiciaire d\u2019un litige, le Client s\u2019engage \u00e0 tenter de r\u00e9soudre celui-ci \u00e0 l\u2019amiable en prenant directement contact avec Les \u00c9ditions Thalie, le cas \u00e9ch\u00e9ant par la voie de la m\u00e9diation, avant d\u2019avoir recours \u00e0 l\u2019arbitrage, au contentieux, ou \u00e0 toute autre mode de r\u00e9solution de diff\u00e9rends.<\/p>\r\n\r\n<p><\/p>","protected":false},"excerpt":{"rendered":"<p>1. AVERTISSEMENT GENERAL1.1 Les \u00c9ditions Thalie sont une marque de la fondation priv\u00e9e de droit Fondation Thalie. Fondation Thalie et Les \u00c9ditions Thalie respectent la vie priv\u00e9e de ses utilisateurs (ci- apr\u00e8s, les \u00ab Utilisateurs \u00bb).\u20281.2 Les \u00c9ditions Thalie traitent les donn\u00e9es \u00e0 caract\u00e8re personnel qui lui sont transmises conform\u00e9ment \u00e0 la l\u00e9gislation en vigueur, [&hellip;]<\/p>\n","protected":false},"author":1,"featured_media":0,"parent":0,"menu_order":0,"comment_status":"closed","ping_status":"open","template":"","meta":{"footnotes":""},"class_list":["post-3","page","type-page","status-publish","hentry"],"_links":{"self":[{"href":"https:\/\/shop.fondationthalie.org\/fr\/wp-json\/wp\/v2\/pages\/3","targetHints":{"allow":["GET"]}}],"collection":[{"href":"https:\/\/shop.fondationthalie.org\/fr\/wp-json\/wp\/v2\/pages"}],"about":[{"href":"https:\/\/shop.fondationthalie.org\/fr\/wp-json\/wp\/v2\/types\/page"}],"author":[{"embeddable":true,"href":"https:\/\/shop.fondationthalie.org\/fr\/wp-json\/wp\/v2\/users\/1"}],"replies":[{"embeddable":true,"href":"https:\/\/shop.fondationthalie.org\/fr\/wp-json\/wp\/v2\/comments?post=3"}],"version-history":[{"count":6,"href":"https:\/\/shop.fondationthalie.org\/fr\/wp-json\/wp\/v2\/pages\/3\/revisions"}],"predecessor-version":[{"id":420,"href":"https:\/\/shop.fondationthalie.org\/fr\/wp-json\/wp\/v2\/pages\/3\/revisions\/420"}],"wp:attachment":[{"href":"https:\/\/shop.fondationthalie.org\/fr\/wp-json\/wp\/v2\/media?parent=3"}],"curies":[{"name":"wp","href":"https:\/\/api.w.org\/{rel}","templated":true}]}}