{"id":980,"date":"2023-06-02T17:19:53","date_gmt":"2023-06-02T15:19:53","guid":{"rendered":"https:\/\/shop.fondationthalie.org\/fr\/?post_type=product&#038;p=980"},"modified":"2025-05-11T10:54:25","modified_gmt":"2025-05-11T08:54:25","slug":"createurs-face-a-lurgence-climatique","status":"publish","type":"product","link":"https:\/\/shop.fondationthalie.org\/en\/art-piece\/createurs-face-a-lurgence-climatique\/","title":{"rendered":"Cr\u00e9ateurs face \u00e0 l&#8217;urgence climatique"},"content":{"rendered":"<p><b><i><span lang=\"EN-US\">How do artists in collaboration with scientists, architects, and researchers tell us about new ways of inhabiting the world?<\/span><\/i><\/b><\/p>\n<p><span lang=\"EN-US\">This book gathers conversations between creators and experts committed to creating differently in the face of planetary limits. Taken from the podcast program &#8220;Creators facing Climate Emergency&#8221;, which invites artists and scientists to draw inspiration from each other to create new narratives and new ways of producing in response to the environmental challenges of the 21st century, the book features Fabrice Hyber and Emanuele Coccia ; Prune Nourry, Nicola Delon and Ramy Fischler ; Sara Favriau and Francis Hall\u00e9; Antoine Fenoglio and Lois Giraud; Marl\u00e8ne Huissoud and Tarik Chekchak; Tiphaine Calmette and Emmanuel Hache; Natsuko Uchino and Marc-andr\u00e9 Selosse; Nicolas Floc&#8217;h and Sylvain Agostini; Claudia Comte and Tom Battin; Lucy + Jorge Orta and C\u00e9line Cousteau; Cyril Dion and Nicolas Vereecken; with an afterword by Paul Ardenne.<\/span><\/p>\n<p>&nbsp;<\/p>\n<p>&nbsp;<\/p>\n<p>This book is also available in various sales librairies in Belgium and France.<\/p>\n<p><strong>Brussels<\/strong>:<\/p>\n<ul>\n<li>Fondation Thalie, 15 rue Buchholtz, 1050 Ixelles<\/li>\n<li>Tropismes bookshop, 11 Galerie des Princes, 1000 Bruxelles<\/li>\n<li>CIVA, 55 rue de l&#8217;Ermitage, 1050 Ixelles<\/li>\n<\/ul>\n<p><b>Paris<\/b>:<\/p>\n<ul>\n<li>Bookshop of\u00a0Palais de Tokyo, 13 Avenue du Pr\u00e9sident Wilson, 75116 Paris<\/li>\n<li>Wallonie-Bruxelles bookshop, 46 rue du Quincampoix, 75004 Paris<\/li>\n<\/ul>\n<p><strong>Arles<\/strong>\u00a0<strong>&amp; Marseille<\/strong>:<\/p>\n<ul>\n<li>Shop of the Van Gogh\u00a0Foundation, 20 rue de la libert\u00e9, 13200 Arles<\/li>\n<li>Acte Sud bookshop, Chapelle du M\u00e9jan, place Nina Berberova, 13200 Arles<\/li>\n<li>Offprint LUMA bookshop, <span class=\"LrzXr\">14 Rue du Dr Fanton, 13200 Arles<\/span><\/li>\n<li>L&#8217;Archa des Carmes, <span class=\"LrzXr\">23 Rue des Carmes, 13200 Arles\u00a0<\/span><\/li>\n<li>Les Grandes Largeurs bookshop, <span class=\"LrzXr\">11 Rue Reattu, 13200 Arles<\/span><\/li>\n<li>La Salle des Machines bookshop, Friche la Belle de Mai, 41 Rue Jobin, 13003 Marseille<\/li>\n<\/ul>\n<p><\/p>","protected":false},"excerpt":{"rendered":"<p>Under the direction of Nathalie Guiot &#8211; Afterword by Paul Ardenne<br \/>\n\u00c9dition Fondation Thalie, 2023<br \/>\n124\u00a0pages<br \/>\nFormat 156 x 210 mm<\/p>\n","protected":false},"featured_media":995,"comment_status":"open","ping_status":"closed","template":"","meta":[],"product_cat":[24],"product_tag":[],"class_list":["post-980","product","type-product","status-publish","has-post-thumbnail","hentry","product_cat-editions-fondation-thalie"],"_links":{"self":[{"href":"https:\/\/shop.fondationthalie.org\/en\/wp-json\/wp\/v2\/product\/980","targetHints":{"allow":["GET"]}}],"collection":[{"href":"https:\/\/shop.fondationthalie.org\/en\/wp-json\/wp\/v2\/product"}],"about":[{"href":"https:\/\/shop.fondationthalie.org\/en\/wp-json\/wp\/v2\/types\/product"}],"replies":[{"embeddable":true,"href":"https:\/\/shop.fondationthalie.org\/en\/wp-json\/wp\/v2\/comments?post=980"}],"wp:featuredmedia":[{"embeddable":true,"href":"https:\/\/shop.fondationthalie.org\/en\/wp-json\/wp\/v2\/media\/995"}],"wp:attachment":[{"href":"https:\/\/shop.fondationthalie.org\/en\/wp-json\/wp\/v2\/media?parent=980"}],"wp:term":[{"taxonomy":"product_cat","embeddable":true,"href":"https:\/\/shop.fondationthalie.org\/en\/wp-json\/wp\/v2\/product_cat?post=980"},{"taxonomy":"product_tag","embeddable":true,"href":"https:\/\/shop.fondationthalie.org\/en\/wp-json\/wp\/v2\/product_tag?post=980"}],"curies":[{"name":"wp","href":"https:\/\/api.w.org\/{rel}","templated":true}]}}