{"id":732,"date":"2022-02-11T14:03:04","date_gmt":"2022-02-11T13:03:04","guid":{"rendered":"https:\/\/shop.fondationthalie.org\/fr\/?post_type=product&#038;p=732"},"modified":"2022-12-07T14:35:59","modified_gmt":"2022-12-07T13:35:59","slug":"vase-habibi","status":"publish","type":"product","link":"https:\/\/shop.fondationthalie.org\/en\/art-piece\/vase-habibi\/","title":{"rendered":"Vase Habibi"},"content":{"rendered":"<p class=\"qtranxs-available-languages-message qtranxs-available-languages-message-en\">Sorry, this entry is only available in <a href=\"https:\/\/shop.fondationthalie.org\/fr\/wp-json\/wp\/v2\/product\/732\" class=\"qtranxs-available-language-link qtranxs-available-language-link-fr\" title=\"Fran\u00e7ais\">Fran\u00e7ais<\/a>.<\/p>","protected":false},"excerpt":{"rendered":"<p>Gr\u00e8s \u00e9maill\u00e9e<\/p>\n<p>30 x 15 x 16 cm<\/p>\n","protected":false},"featured_media":733,"comment_status":"open","ping_status":"closed","template":"","meta":[],"product_cat":[22],"product_tag":[],"class_list":["post-732","product","type-product","status-publish","has-post-thumbnail","hentry","product_cat-ceramique"],"_links":{"self":[{"href":"https:\/\/shop.fondationthalie.org\/en\/wp-json\/wp\/v2\/product\/732","targetHints":{"allow":["GET"]}}],"collection":[{"href":"https:\/\/shop.fondationthalie.org\/en\/wp-json\/wp\/v2\/product"}],"about":[{"href":"https:\/\/shop.fondationthalie.org\/en\/wp-json\/wp\/v2\/types\/product"}],"replies":[{"embeddable":true,"href":"https:\/\/shop.fondationthalie.org\/en\/wp-json\/wp\/v2\/comments?post=732"}],"wp:featuredmedia":[{"embeddable":true,"href":"https:\/\/shop.fondationthalie.org\/en\/wp-json\/wp\/v2\/media\/733"}],"wp:attachment":[{"href":"https:\/\/shop.fondationthalie.org\/en\/wp-json\/wp\/v2\/media?parent=732"}],"wp:term":[{"taxonomy":"product_cat","embeddable":true,"href":"https:\/\/shop.fondationthalie.org\/en\/wp-json\/wp\/v2\/product_cat?post=732"},{"taxonomy":"product_tag","embeddable":true,"href":"https:\/\/shop.fondationthalie.org\/en\/wp-json\/wp\/v2\/product_tag?post=732"}],"curies":[{"name":"wp","href":"https:\/\/api.w.org\/{rel}","templated":true}]}}