{"id":1014,"date":"2023-09-05T18:48:43","date_gmt":"2023-09-05T16:48:43","guid":{"rendered":"https:\/\/shop.fondationthalie.org\/fr\/?post_type=product&#038;p=1014"},"modified":"2024-09-28T20:42:28","modified_gmt":"2024-09-28T18:42:28","slug":"traversee-volume-1","status":"publish","type":"product","link":"https:\/\/shop.fondationthalie.org\/en\/art-piece\/traversee-volume-1\/","title":{"rendered":"Travers\u00e9e \u2013 volume 1"},"content":{"rendered":"<p><span class=\"\" title=\"\">In spring 2020, twenty women artists bear witness with humor and poetry to their lockdown and to the way in which this suspended time has influenced their artistic practice.<\/span> <span class=\"\" title=\"\">A collection of texts composed by Nathalie Guiot and read as a tremendous source of inspiration and teaching.<br \/>\n<\/span><\/p>\n<p>&nbsp;<\/p>\n<p><em><strong>Contributors<\/strong><\/em><\/p>\n<p>Lucile Adam, Nour Awada, Nathalie Azoulai, Janet Biggs, L\u00e9a Bismuth, Andrea Blum, Marie Bovo, V\u00e9ronique Caye, Ninar Esber, Simone Fattal, Aur\u00e9lie Gravas, Marie-Ange Guilleminot, Eva Jospin, Elena Mazzi, Rachel Monosov, Simone Pheulpin, Barbara Polla, Prajakta Potnis, Joanna Preiss, Anila Rubiku, C\u00e9lia Stroom, Agn\u00e8s Thurnauer, Suzanne Wathelet.<\/p>","protected":false},"excerpt":{"rendered":"<p>Ishtar Collection 2020<br \/>\n<span class=\"tlid-translation translation\" lang=\"en\"><span class=\"\" title=\"\">Limited edition of 300 copies<\/span><br \/>\n<span title=\"\">Graphic design: Simon Dara<\/span><br \/>\n<span class=\"\" title=\"\">Swiss binding on dust jacket, size: 170 \u00d7 240 mm, 144 pages<br \/>\n<\/span><\/span>Isbn: 978-2-931104-01-9<\/p>\n","protected":false},"featured_media":1016,"comment_status":"open","ping_status":"closed","template":"","meta":[],"product_cat":[38],"product_tag":[],"class_list":["post-1014","product","type-product","status-publish","has-post-thumbnail","hentry","product_cat-publications"],"_links":{"self":[{"href":"https:\/\/shop.fondationthalie.org\/en\/wp-json\/wp\/v2\/product\/1014","targetHints":{"allow":["GET"]}}],"collection":[{"href":"https:\/\/shop.fondationthalie.org\/en\/wp-json\/wp\/v2\/product"}],"about":[{"href":"https:\/\/shop.fondationthalie.org\/en\/wp-json\/wp\/v2\/types\/product"}],"replies":[{"embeddable":true,"href":"https:\/\/shop.fondationthalie.org\/en\/wp-json\/wp\/v2\/comments?post=1014"}],"wp:featuredmedia":[{"embeddable":true,"href":"https:\/\/shop.fondationthalie.org\/en\/wp-json\/wp\/v2\/media\/1016"}],"wp:attachment":[{"href":"https:\/\/shop.fondationthalie.org\/en\/wp-json\/wp\/v2\/media?parent=1014"}],"wp:term":[{"taxonomy":"product_cat","embeddable":true,"href":"https:\/\/shop.fondationthalie.org\/en\/wp-json\/wp\/v2\/product_cat?post=1014"},{"taxonomy":"product_tag","embeddable":true,"href":"https:\/\/shop.fondationthalie.org\/en\/wp-json\/wp\/v2\/product_tag?post=1014"}],"curies":[{"name":"wp","href":"https:\/\/api.w.org\/{rel}","templated":true}]}}