{"id":1003,"date":"2023-09-05T17:50:15","date_gmt":"2023-09-05T15:50:15","guid":{"rendered":"https:\/\/shop.fondationthalie.org\/fr\/?post_type=product&#038;p=1003"},"modified":"2024-09-28T20:42:28","modified_gmt":"2024-09-28T18:42:28","slug":"traversee-opus-3","status":"publish","type":"product","link":"https:\/\/shop.fondationthalie.org\/en\/art-piece\/traversee-opus-3\/","title":{"rendered":"Travers\u00e9e \u2013 volume 3"},"content":{"rendered":"<p>For its third edition, <em>Travers\u00e9e<\/em> is giving pride of place to young writers. Co-directed by Gilles Collard and Nathalie Guiot, it brings together seven young writers (Camille Bleker, Th\u00e9o Casciani, Louise Chennevi\u00e8re, Manah Depauw, Gabriel Ren\u00e9 Franjou, Simon Johannin, Deborah Levyh) and two visual artists (Elise Peroi, Jeanne Vicerial), whose work echoes the questions of our time: does the idea of humanity, in the singular, still convey an aspiration for a better world? And what has become of our humanities, in the plural? Is a post-human world being written today, calling on us to map out its contours? From fiction to reality, they sketch out avenues that are as close as possible to the atmospheres and ambiences in transition that inhabit us, far from the schools or concepts we have inherited.<\/p>\n<p>&nbsp;<\/p>\n<p><em><strong>Contributors<\/strong><\/em><\/p>\n<p>Camille Bleker, Th\u00e9o Casciani, Louise Chennevi\u00e8re, Manah Depauw, Gabriel Ren\u00e9 Franjou, Simon Johannin, Deborah Levyh, Elise Peroi, Jeanne Vicerial.<\/p>","protected":false},"excerpt":{"rendered":"<p>Ishtar Collection 2023<br \/>\nLimited edition of 500 copies<br \/>\nFormat: 105 pages, 240 x 170 mm<br \/>\nisbn : 978-2-9601678-9-4<\/p>\n<p>Editorial coordination: Flora Fettah<br \/>\nGraphic design: Simon Dara<\/p>\n","protected":false},"featured_media":1019,"comment_status":"open","ping_status":"closed","template":"","meta":[],"product_cat":[38],"product_tag":[],"class_list":["post-1003","product","type-product","status-publish","has-post-thumbnail","hentry","product_cat-publications","product_shipping_class-normale"],"_links":{"self":[{"href":"https:\/\/shop.fondationthalie.org\/en\/wp-json\/wp\/v2\/product\/1003","targetHints":{"allow":["GET"]}}],"collection":[{"href":"https:\/\/shop.fondationthalie.org\/en\/wp-json\/wp\/v2\/product"}],"about":[{"href":"https:\/\/shop.fondationthalie.org\/en\/wp-json\/wp\/v2\/types\/product"}],"replies":[{"embeddable":true,"href":"https:\/\/shop.fondationthalie.org\/en\/wp-json\/wp\/v2\/comments?post=1003"}],"wp:featuredmedia":[{"embeddable":true,"href":"https:\/\/shop.fondationthalie.org\/en\/wp-json\/wp\/v2\/media\/1019"}],"wp:attachment":[{"href":"https:\/\/shop.fondationthalie.org\/en\/wp-json\/wp\/v2\/media?parent=1003"}],"wp:term":[{"taxonomy":"product_cat","embeddable":true,"href":"https:\/\/shop.fondationthalie.org\/en\/wp-json\/wp\/v2\/product_cat?post=1003"},{"taxonomy":"product_tag","embeddable":true,"href":"https:\/\/shop.fondationthalie.org\/en\/wp-json\/wp\/v2\/product_tag?post=1003"}],"curies":[{"name":"wp","href":"https:\/\/api.w.org\/{rel}","templated":true}]}}